{"id":18654,"date":"2019-12-12T15:15:39","date_gmt":"2019-12-12T14:15:39","guid":{"rendered":"https:\/\/territoriolab.org\/?page_id=18654"},"modified":"2025-11-13T10:35:18","modified_gmt":"2025-11-13T09:35:18","slug":"inicio","status":"publish","type":"page","link":"https:\/\/territoriolab.org\/eu\/","title":{"rendered":"Hasiera"},"content":{"rendered":"<div class=\"wpb-content-wrapper\"><p>[vc_row content_aligment=&#8221;center&#8221; css=&#8221;.vc_custom_1761330184235{background-position: 0 0 !important;background-repeat: no-repeat !important;}&#8221; el_class=&#8221;home-img-hero&#8221;][vc_column css=&#8221;.vc_custom_1761303737661{background-position: center !important;background-repeat: no-repeat !important;background-size: cover !important;}&#8221;][vc_single_image image=&#8221;25904&#8243; img_size=&#8221;full&#8221; onclick=&#8221;custom_link&#8221; css=&#8221;.vc_custom_1761818385473{background-position: center !important;background-repeat: no-repeat !important;background-size: cover !important;}&#8221; link=&#8221;https:\/\/territoriolab.org\/wp-content\/uploads\/2025\/10\/TV_8_GENEALOGIA.pdf&#8221;][\/vc_column][\/vc_row][vc_row css=&#8221;.vc_custom_1725536876645{margin-top: -30px !important;padding-top: 20px !important;padding-right: 20px !important;padding-bottom: 20px !important;padding-left: 20px !important;background-color: #20201f !important;background-position: 0 0 !important;background-repeat: no-repeat !important;}&#8221;][vc_column width=&#8221;1\/4&#8243;][\/vc_column][vc_column width=&#8221;1\/2&#8243;]\t<div class=\"edgtf-call-to-action normal\" style=\"background-color: rgba(0,0,0,0.01);\">\n\n\t\t\t\t\t<div class=\"edgtf-call-to-action-row-75-25 clearfix\" style=\"padding: 50px;\">\n\t\t\t\t\t\t<div class=\"edgtf-text-wrapper left\">\n\t\t\t\t\t<div class=\"edgtf-call-to-action-text\" style=\"text-align: left\">\n<h1 class=\"color_blanco\">Zer da territoriolab?<\/h1>\n<p>&nbsp;<\/p>\n<div>\n<p class=\"color_blanco\">Urdaibaiko (Euskal Herria), Cajamarcako eta Caquet\u00e1ko (Kolonbia) eta Maputoko eta Cabo Delgadoko (Mozambike) kapital-bizitza gatazkei buruz ikasteko, hausnartzeko eta ekiteko gune irekia.<\/p>\n<p class=\"color_blanco\">Proiektu hau <strong>Gernika Gogoratuz<\/strong> eta <strong>Gernikatik Mundura<\/strong> elkarteak bultzatzen dute. Gainera, hiru lurraldeetako erakunde, unibertsitate eta kolektiboekin lankidetzan aritzen da, eraldaketa sozial justu, feminista eta dekoloniala sustatzen duten ezagutza kritikoak, metodologia parte-hartzaileak eta tresna pedagogikoak partekatzeko.<\/p>\n<p class=\"color_blanco\">Atariaren helburua da eskubide-subjektuen gaitasunak indartzea, bizitza eta zaintzak erdigunean jartzen dituzten alternatibak ikusaraztea, eta tokiko borrokak agenda globalekin lotzea ingurumen-justiziaren, berdintasunaren eta bizikidetzaren alde.<\/p>\n<\/div>\n\t\t\t\t\t\t\t\t\t\t\t<\/div>\n\t\t\t\t<\/div>\n\n\t\t\t\t\t\t\t<\/div>\n\t\t\t<\/div>\n[\/vc_column][vc_column width=&#8221;1\/4&#8243;][\/vc_column][\/vc_row][vc_row content_aligment=&#8221;center&#8221; video=&#8221;show_video&#8221; css=&#8221;.vc_custom_1761303805748{padding-top: 60px !important;padding-right: 50px !important;padding-bottom: 100px !important;padding-left: 50px !important;background-color: #c7955d !important;background-position: 0 0 !important;background-repeat: no-repeat !important;}&#8221;][vc_column width=&#8221;1\/4&#8243;][\/vc_column][vc_column width=&#8221;1\/4&#8243;][vc_column_text css=&#8221;.vc_custom_1763026514951{padding-right: 20px !important;padding-left: 20px !important;}&#8221;]<a href=\"https:\/\/www.gernikagogoratuz.org\"><img loading=\"lazy\" decoding=\"async\" class=\"image wp-image-17917 attachment-full size-full\" style=\"max-width: 100%; height: auto;\" src=\"https:\/\/territoriolab.org\/wp-content\/uploads\/2019\/10\/gernika-gogoratuz-logo.svg\" alt=\"\" width=\"200\" height=\"62\" \/><\/a><\/p>\n<p style=\"text-align: left;\">Gernika Gogoratuz Bakearen Aldeko Ikerketa Zentroak bakearen memoria eta kulturaren arloan egiten du lan. 1987an sortu zen, Gernikako Bonbardaketaren 50. urteurrenean.<\/p>\n<p style=\"text-align: left;\">Bere helburua da \u00abgogoeta zientifiko batek sortu edo babestutako eta hiriari edota Gernikako ikurrari lotutako ekarpenen bidez, mundu mailan eta bereziki Euskal Herrian, bake emantzipatzaile eta justu bat lortzen laguntzea. Eta horrela, Eusko Legebiltzarrak 1987ko apirilaren 10ean onartutako Lege Proposamena betetzea, Gernikan Bakearen aldeko Ikasketa Zentro bat ezartzekoa\u00bb.<\/p>\n<p>[\/vc_column_text][\/vc_column][vc_column width=&#8221;1\/4&#8243;][vc_column_text css=&#8221;.vc_custom_1763026301595{padding-right: 20px !important;padding-left: 20px !important;}&#8221;]<a href=\"https:\/\/gernikatikmundura.wordpress.com\/\"><img loading=\"lazy\" decoding=\"async\" class=\"image wp-image-17923 attachment-full size-full\" style=\"max-width: 100%; height: auto;\" src=\"https:\/\/territoriolab.org\/wp-content\/uploads\/2019\/10\/gernika-mundura_logo.svg\" alt=\"\" width=\"200\" height=\"62\" \/><\/a><\/p>\n<p style=\"text-align: left;\">Gernikatik Mundura GGKE bat da, 1995ean sortu zena eta nazioarteko elkartasunaren eta kulturartekotasunaren esparruan lan egiten duena.<\/p>\n<p style=\"text-align: left;\">Laguntza humanitarioko eta kooperazioko proiektu ugari garatu ditu munduko leku askotan. Nabarmentzekoa da Urdaibai, Rif eta Caquet\u00e1-ren arteko komunitate-trukeko \u201cHiru izki\u00f1a\u201d ekimena, Gernika Gogoratuz eta Ideasur-ekin lankidetzan, Brasilgo Lurrik Gabeko Mugimenduarekin egindako lana eta Mundukide Fundazioarekin Mozambikeko iparraldean berriki egindako lankidetzak.<\/p>\n<p>[\/vc_column_text][\/vc_column][vc_column width=&#8221;1\/4&#8243;][\/vc_column][\/vc_row]<\/p>\n<\/div>","protected":false},"excerpt":{"rendered":"<p>[vc_row content_aligment=&#8221;center&#8221; css=&#8221;.vc_custom_1761330184235{background-position: 0 0 !important;background-repeat: no-repeat !important;}&#8221; el_class=&#8221;home-img-hero&#8221;][vc_column css=&#8221;.vc_custom_1761303737661{background-position: center !important;background-repeat: no-repeat !important;background-size: cover !important;}&#8221;][vc_single_image image=&#8221;25904&#8243; img_size=&#8221;full&#8221; onclick=&#8221;custom_link&#8221; css=&#8221;.vc_custom_1761818385473{background-position: center !important;background-repeat: no-repeat !important;background-size: cover !important;}&#8221; link=&#8221;https:\/\/territoriolab.org\/wp-content\/uploads\/2025\/10\/TV_8_GENEALOGIA.pdf&#8221;][\/vc_column][\/vc_row][vc_row css=&#8221;.vc_custom_1725536876645{margin-top: -30px !important;padding-top: 20px !important;padding-right: 20px !important;padding-bottom: 20px !important;padding-left: 20px !important;background-color: #20201f !important;background-position: 0 0 !important;background-repeat: no-repeat !important;}&#8221;][vc_column width=&#8221;1\/4&#8243;][\/vc_column][vc_column width=&#8221;1\/2&#8243;][\/vc_column][vc_column width=&#8221;1\/4&#8243;][\/vc_column][\/vc_row][vc_row content_aligment=&#8221;center&#8221; video=&#8221;show_video&#8221; css=&#8221;.vc_custom_1761303805748{padding-top: 60px !important;padding-right: 50px !important;padding-bottom:&#8230;<\/p>\n","protected":false},"author":3,"featured_media":0,"parent":0,"menu_order":0,"comment_status":"closed","ping_status":"closed","template":"full-width.php","meta":{"_acf_changed":false,"footnotes":""},"class_list":["post-18654","page","type-page","status-publish","hentry"],"acf":[],"yoast_head":"<!-- This site is optimized with the Yoast SEO plugin v27.3 - https:\/\/yoast.com\/product\/yoast-seo-wordpress\/ -->\n<title>Territorios en Conflicto. Gernika Gogoratuz y Gernikatik Mundura<\/title>\n<meta name=\"description\" content=\"Acompa\u00f1amiento de procesos y consolidaci\u00f3n de narrativas sobre sostenibilidad de la vida en Cabo Delgado - Mozambique, Cajamarca - Colombia y Urdaibai - Pa\u00eds Vasco.\" \/>\n<meta name=\"robots\" content=\"index, follow, max-snippet:-1, max-image-preview:large, max-video-preview:-1\" \/>\n<link rel=\"canonical\" href=\"https:\/\/territoriolab.org\/eu\/\" \/>\n<meta property=\"og:locale\" content=\"en_US\" \/>\n<meta property=\"og:type\" content=\"article\" \/>\n<meta property=\"og:title\" content=\"Territorios en Conflicto. Gernika Gogoratuz y Gernikatik Mundura\" \/>\n<meta property=\"og:description\" content=\"Acompa\u00f1amiento de procesos y consolidaci\u00f3n de narrativas sobre sostenibilidad de la vida en Cabo Delgado - Mozambique, Cajamarca - Colombia y Urdaibai - Pa\u00eds Vasco.\" \/>\n<meta property=\"og:url\" content=\"https:\/\/territoriolab.org\/eu\/\" \/>\n<meta property=\"og:site_name\" content=\"Territorios para la vida\" \/>\n<meta property=\"article:modified_time\" content=\"2025-11-13T09:35:18+00:00\" \/>\n<meta property=\"og:image\" content=\"https:\/\/territoriolab.org\/wp-content\/uploads\/2024\/02\/gereizpetatik-11-izpi.jpg\" \/>\n\t<meta property=\"og:image:width\" content=\"1920\" \/>\n\t<meta property=\"og:image:height\" content=\"670\" \/>\n\t<meta property=\"og:image:type\" content=\"image\/jpeg\" \/>\n<meta name=\"twitter:card\" content=\"summary_large_image\" \/>\n<meta name=\"twitter:label1\" content=\"Est. reading time\" \/>\n\t<meta name=\"twitter:data1\" content=\"3 minutua\" \/>\n<script type=\"application\/ld+json\" class=\"yoast-schema-graph\">{\"@context\":\"https:\\\/\\\/schema.org\",\"@graph\":[{\"@type\":\"WebPage\",\"@id\":\"https:\\\/\\\/territoriolab.org\\\/eu\\\/\",\"url\":\"https:\\\/\\\/territoriolab.org\\\/eu\\\/\",\"name\":\"Territorios en Conflicto. Gernika Gogoratuz y Gernikatik Mundura\",\"isPartOf\":{\"@id\":\"https:\\\/\\\/territoriolab.org\\\/eu\\\/pt-pt\\\/#website\"},\"primaryImageOfPage\":{\"@id\":\"https:\\\/\\\/territoriolab.org\\\/eu\\\/#primaryimage\"},\"image\":{\"@id\":\"https:\\\/\\\/territoriolab.org\\\/eu\\\/#primaryimage\"},\"thumbnailUrl\":\"https:\\\/\\\/territoriolab.org\\\/wp-content\\\/uploads\\\/2019\\\/10\\\/gernika-gogoratuz-logo.svg\",\"datePublished\":\"2019-12-12T14:15:39+00:00\",\"dateModified\":\"2025-11-13T09:35:18+00:00\",\"description\":\"Acompa\u00f1amiento de procesos y consolidaci\u00f3n de narrativas sobre sostenibilidad de la vida en Cabo Delgado - Mozambique, Cajamarca - Colombia y Urdaibai - Pa\u00eds Vasco.\",\"breadcrumb\":{\"@id\":\"https:\\\/\\\/territoriolab.org\\\/eu\\\/#breadcrumb\"},\"inLanguage\":\"eu\",\"potentialAction\":[{\"@type\":\"ReadAction\",\"target\":[\"https:\\\/\\\/territoriolab.org\\\/eu\\\/\"]}]},{\"@type\":\"ImageObject\",\"inLanguage\":\"eu\",\"@id\":\"https:\\\/\\\/territoriolab.org\\\/eu\\\/#primaryimage\",\"url\":\"https:\\\/\\\/territoriolab.org\\\/wp-content\\\/uploads\\\/2019\\\/10\\\/gernika-gogoratuz-logo.svg\",\"contentUrl\":\"https:\\\/\\\/territoriolab.org\\\/wp-content\\\/uploads\\\/2019\\\/10\\\/gernika-gogoratuz-logo.svg\"},{\"@type\":\"BreadcrumbList\",\"@id\":\"https:\\\/\\\/territoriolab.org\\\/eu\\\/#breadcrumb\",\"itemListElement\":[{\"@type\":\"ListItem\",\"position\":1,\"name\":\"Portada\",\"item\":\"https:\\\/\\\/territoriolab.org\\\/eu\\\/\"},{\"@type\":\"ListItem\",\"position\":2,\"name\":\"Hasiera\"}]},{\"@type\":\"WebSite\",\"@id\":\"https:\\\/\\\/territoriolab.org\\\/eu\\\/pt-pt\\\/#website\",\"url\":\"https:\\\/\\\/territoriolab.org\\\/eu\\\/pt-pt\\\/\",\"name\":\"Territorios para la vida\",\"description\":\"Investigaci\u00f3n y formaci\u00f3n de alternativas de vida\",\"publisher\":{\"@id\":\"https:\\\/\\\/territoriolab.org\\\/eu\\\/pt-pt\\\/#organization\"},\"potentialAction\":[{\"@type\":\"SearchAction\",\"target\":{\"@type\":\"EntryPoint\",\"urlTemplate\":\"https:\\\/\\\/territoriolab.org\\\/eu\\\/pt-pt\\\/?s={search_term_string}\"},\"query-input\":{\"@type\":\"PropertyValueSpecification\",\"valueRequired\":true,\"valueName\":\"search_term_string\"}}],\"inLanguage\":\"eu\"},{\"@type\":\"Organization\",\"@id\":\"https:\\\/\\\/territoriolab.org\\\/eu\\\/pt-pt\\\/#organization\",\"name\":\"Territorios en Conflicto\",\"url\":\"https:\\\/\\\/territoriolab.org\\\/eu\\\/pt-pt\\\/\",\"logo\":{\"@type\":\"ImageObject\",\"inLanguage\":\"eu\",\"@id\":\"https:\\\/\\\/territoriolab.org\\\/eu\\\/pt-pt\\\/#\\\/schema\\\/logo\\\/image\\\/\",\"url\":\"https:\\\/\\\/territoriolab.org\\\/wp-content\\\/uploads\\\/2019\\\/10\\\/logo.png\",\"contentUrl\":\"https:\\\/\\\/territoriolab.org\\\/wp-content\\\/uploads\\\/2019\\\/10\\\/logo.png\",\"width\":300,\"height\":82,\"caption\":\"Territorios en Conflicto\"},\"image\":{\"@id\":\"https:\\\/\\\/territoriolab.org\\\/eu\\\/pt-pt\\\/#\\\/schema\\\/logo\\\/image\\\/\"}}]}<\/script>\n<!-- \/ Yoast SEO plugin. -->","yoast_head_json":{"title":"Territorios en Conflicto. Gernika Gogoratuz y Gernikatik Mundura","description":"Acompa\u00f1amiento de procesos y consolidaci\u00f3n de narrativas sobre sostenibilidad de la vida en Cabo Delgado - Mozambique, Cajamarca - Colombia y Urdaibai - Pa\u00eds Vasco.","robots":{"index":"index","follow":"follow","max-snippet":"max-snippet:-1","max-image-preview":"max-image-preview:large","max-video-preview":"max-video-preview:-1"},"canonical":"https:\/\/territoriolab.org\/eu\/","og_locale":"en_US","og_type":"article","og_title":"Territorios en Conflicto. Gernika Gogoratuz y Gernikatik Mundura","og_description":"Acompa\u00f1amiento de procesos y consolidaci\u00f3n de narrativas sobre sostenibilidad de la vida en Cabo Delgado - Mozambique, Cajamarca - Colombia y Urdaibai - Pa\u00eds Vasco.","og_url":"https:\/\/territoriolab.org\/eu\/","og_site_name":"Territorios para la vida","article_modified_time":"2025-11-13T09:35:18+00:00","og_image":[{"width":1920,"height":670,"url":"https:\/\/territoriolab.org\/wp-content\/uploads\/2024\/02\/gereizpetatik-11-izpi.jpg","type":"image\/jpeg"}],"twitter_card":"summary_large_image","twitter_misc":{"Est. reading time":"3 minutua"},"schema":{"@context":"https:\/\/schema.org","@graph":[{"@type":"WebPage","@id":"https:\/\/territoriolab.org\/eu\/","url":"https:\/\/territoriolab.org\/eu\/","name":"Territorios en Conflicto. Gernika Gogoratuz y Gernikatik Mundura","isPartOf":{"@id":"https:\/\/territoriolab.org\/eu\/pt-pt\/#website"},"primaryImageOfPage":{"@id":"https:\/\/territoriolab.org\/eu\/#primaryimage"},"image":{"@id":"https:\/\/territoriolab.org\/eu\/#primaryimage"},"thumbnailUrl":"https:\/\/territoriolab.org\/wp-content\/uploads\/2019\/10\/gernika-gogoratuz-logo.svg","datePublished":"2019-12-12T14:15:39+00:00","dateModified":"2025-11-13T09:35:18+00:00","description":"Acompa\u00f1amiento de procesos y consolidaci\u00f3n de narrativas sobre sostenibilidad de la vida en Cabo Delgado - Mozambique, Cajamarca - Colombia y Urdaibai - Pa\u00eds Vasco.","breadcrumb":{"@id":"https:\/\/territoriolab.org\/eu\/#breadcrumb"},"inLanguage":"eu","potentialAction":[{"@type":"ReadAction","target":["https:\/\/territoriolab.org\/eu\/"]}]},{"@type":"ImageObject","inLanguage":"eu","@id":"https:\/\/territoriolab.org\/eu\/#primaryimage","url":"https:\/\/territoriolab.org\/wp-content\/uploads\/2019\/10\/gernika-gogoratuz-logo.svg","contentUrl":"https:\/\/territoriolab.org\/wp-content\/uploads\/2019\/10\/gernika-gogoratuz-logo.svg"},{"@type":"BreadcrumbList","@id":"https:\/\/territoriolab.org\/eu\/#breadcrumb","itemListElement":[{"@type":"ListItem","position":1,"name":"Portada","item":"https:\/\/territoriolab.org\/eu\/"},{"@type":"ListItem","position":2,"name":"Hasiera"}]},{"@type":"WebSite","@id":"https:\/\/territoriolab.org\/eu\/pt-pt\/#website","url":"https:\/\/territoriolab.org\/eu\/pt-pt\/","name":"Territorios para la vida","description":"Investigaci\u00f3n y formaci\u00f3n de alternativas de vida","publisher":{"@id":"https:\/\/territoriolab.org\/eu\/pt-pt\/#organization"},"potentialAction":[{"@type":"SearchAction","target":{"@type":"EntryPoint","urlTemplate":"https:\/\/territoriolab.org\/eu\/pt-pt\/?s={search_term_string}"},"query-input":{"@type":"PropertyValueSpecification","valueRequired":true,"valueName":"search_term_string"}}],"inLanguage":"eu"},{"@type":"Organization","@id":"https:\/\/territoriolab.org\/eu\/pt-pt\/#organization","name":"Territorios en Conflicto","url":"https:\/\/territoriolab.org\/eu\/pt-pt\/","logo":{"@type":"ImageObject","inLanguage":"eu","@id":"https:\/\/territoriolab.org\/eu\/pt-pt\/#\/schema\/logo\/image\/","url":"https:\/\/territoriolab.org\/wp-content\/uploads\/2019\/10\/logo.png","contentUrl":"https:\/\/territoriolab.org\/wp-content\/uploads\/2019\/10\/logo.png","width":300,"height":82,"caption":"Territorios en Conflicto"},"image":{"@id":"https:\/\/territoriolab.org\/eu\/pt-pt\/#\/schema\/logo\/image\/"}}]}},"_links":{"self":[{"href":"https:\/\/territoriolab.org\/eu\/wp-json\/wp\/v2\/pages\/18654","targetHints":{"allow":["GET"]}}],"collection":[{"href":"https:\/\/territoriolab.org\/eu\/wp-json\/wp\/v2\/pages"}],"about":[{"href":"https:\/\/territoriolab.org\/eu\/wp-json\/wp\/v2\/types\/page"}],"author":[{"embeddable":true,"href":"https:\/\/territoriolab.org\/eu\/wp-json\/wp\/v2\/users\/3"}],"replies":[{"embeddable":true,"href":"https:\/\/territoriolab.org\/eu\/wp-json\/wp\/v2\/comments?post=18654"}],"version-history":[{"count":0,"href":"https:\/\/territoriolab.org\/eu\/wp-json\/wp\/v2\/pages\/18654\/revisions"}],"wp:attachment":[{"href":"https:\/\/territoriolab.org\/eu\/wp-json\/wp\/v2\/media?parent=18654"}],"curies":[{"name":"wp","href":"https:\/\/api.w.org\/{rel}","templated":true}]}}