{"id":18796,"date":"2019-12-16T11:54:52","date_gmt":"2019-12-16T10:54:52","guid":{"rendered":"https:\/\/territoriolab.org\/?page_id=18796"},"modified":"2021-06-25T09:36:18","modified_gmt":"2021-06-25T07:36:18","slug":"online-prestakuntza","status":"publish","type":"page","link":"https:\/\/territoriolab.org\/eu\/online-prestakuntza\/","title":{"rendered":"Online prestakuntza"},"content":{"rendered":"<div class=\"wpb-content-wrapper\"><p>[vc_row content_width=&#8221;grid&#8221; content_aligment=&#8221;center&#8221; css=&#8221;.vc_custom_1571920230285{margin-top: -30px !important;background: #20201f url(https:\/\/territoriolab.org\/wp-content\/uploads\/2019\/10\/ico_teritorios_claro.png?id=17593) !important;background-position: 0 0 !important;background-repeat: no-repeat !important;}&#8221; el_class=&#8221;hero hero_pag&#8221;][vc_column][vc_column_text]<\/p>\n<p class=\"color_blanco\">LURRALDEAK<\/p>\n<p>[\/vc_column_text][vc_column_text]<\/p>\n<h1 class=\"color_blanco\">Online prestakuntza<\/h1>\n<p>[\/vc_column_text][vc_empty_space][\/vc_column][\/vc_row][vc_row content_width=&#8221;grid&#8221; css=&#8221;.vc_custom_1624544055970{padding-top: 60px !important;padding-bottom: 60px !important;background-color: #221d1f !important;background-position: 0 0 !important;background-repeat: no-repeat !important;}&#8221; el_id=&#8221;actividades&#8221;][vc_column width=&#8221;1\/3&#8243;]\n<div class=\"edgtf-team main-info-below-image\">\n\t<div class=\"edgtf-team-inner\">\n\t\t\t\t\t<div class=\"edgtf-team-image\">\n                <img loading=\"lazy\" decoding=\"async\" width=\"1447\" height=\"2048\" src=\"https:\/\/territoriolab.org\/wp-content\/uploads\/2021\/06\/curso-online.jpg\" class=\"attachment-full size-full\" alt=\"curso territorios en conflicto\" srcset=\"https:\/\/territoriolab.org\/wp-content\/uploads\/2021\/06\/curso-online.jpg 1447w, https:\/\/territoriolab.org\/wp-content\/uploads\/2021\/06\/curso-online-212x300.jpg 212w, https:\/\/territoriolab.org\/wp-content\/uploads\/2021\/06\/curso-online-724x1024.jpg 724w, https:\/\/territoriolab.org\/wp-content\/uploads\/2021\/06\/curso-online-768x1087.jpg 768w, https:\/\/territoriolab.org\/wp-content\/uploads\/2021\/06\/curso-online-1085x1536.jpg 1085w\" sizes=\"auto, (max-width: 1447px) 100vw, 1447px\" \/>                                    <a class=\"edgtf-team-image-link icomoon-icon-link\" itemprop=\"url\" href=\"https:\/\/territoriolab.org\/eu\/nazioarteko-ikastaroa\/\" target=\"_self\"><\/a>\n                \t\t\t<\/div>\n\t\t\n\t\t\t\t\t<div class=\"edgtf-team-info\">\n\t\t\t\t\t\t\t\t\t<div class=\"edgtf-team-title-holder normal_social\">\n\t\t\t\t\t\t\t\t\t\t\t\t\t<h4 class=\"edgtf-team-name\" >\n\t\t\t\t\t\t\t\tNazioarteko Online Ikastaroa\t\t\t\t\t\t\t<\/h4>\n\t\t\t\t\t\t\t\t\t\t\t\t\t\t\t\t\t<\/div>\n\t\t\t\t\n\t\t\t\t\n\t\t<div class=\"edgtf-team-social-holder-between\">\n\t\t\t<div class=\"edgtf-team-social normal_social\">\n\t\t\t\t<div class=\"edgtf-team-social-inner\">\n\t\t\t\t\t<div class=\"edgtf-team-social-wrapp\">\n\n\t\t\t\t\t\t\n\t\t\t\t\t<\/div>\n\t\t\t\t<\/div>\n\t\t\t<\/div>\n\t\t<\/div>\n\n\t\t<\/div>\n\t<\/div>\n<\/div>[\/vc_column][vc_column width=&#8221;1\/3&#8243;]\n<div class=\"edgtf-team main-info-below-image\">\n\t<div class=\"edgtf-team-inner\">\n\t\t\t\t\t<div class=\"edgtf-team-image\">\n                <img loading=\"lazy\" decoding=\"async\" width=\"1447\" height=\"2048\" src=\"https:\/\/territoriolab.org\/wp-content\/uploads\/2021\/06\/Diplomado-unad.jpg\" class=\"attachment-full size-full\" alt=\"diplomado UNAD\" srcset=\"https:\/\/territoriolab.org\/wp-content\/uploads\/2021\/06\/Diplomado-unad.jpg 1447w, https:\/\/territoriolab.org\/wp-content\/uploads\/2021\/06\/Diplomado-unad-212x300.jpg 212w, https:\/\/territoriolab.org\/wp-content\/uploads\/2021\/06\/Diplomado-unad-724x1024.jpg 724w, https:\/\/territoriolab.org\/wp-content\/uploads\/2021\/06\/Diplomado-unad-768x1087.jpg 768w, https:\/\/territoriolab.org\/wp-content\/uploads\/2021\/06\/Diplomado-unad-1085x1536.jpg 1085w\" sizes=\"auto, (max-width: 1447px) 100vw, 1447px\" \/>                                    <a class=\"edgtf-team-image-link icomoon-icon-link\" itemprop=\"url\" href=\"https:\/\/territoriolab.org\/eu\/gatazka-lurraldeak-diplomaduna\/\" target=\"_self\"><\/a>\n                \t\t\t<\/div>\n\t\t\n\t\t\t\t\t<div class=\"edgtf-team-info\">\n\t\t\t\t\t\t\t\t\t<div class=\"edgtf-team-title-holder normal_social\">\n\t\t\t\t\t\t\t\t\t\t\t\t\t<h4 class=\"edgtf-team-name\" >\n\t\t\t\t\t\t\t\tUrrutiko nazioarteko diplomaduna\t\t\t\t\t\t\t<\/h4>\n\t\t\t\t\t\t\t\t\t\t\t\t\t\t\t\t\t<\/div>\n\t\t\t\t\n\t\t\t\t\n\t\t<div class=\"edgtf-team-social-holder-between\">\n\t\t\t<div class=\"edgtf-team-social normal_social\">\n\t\t\t\t<div class=\"edgtf-team-social-inner\">\n\t\t\t\t\t<div class=\"edgtf-team-social-wrapp\">\n\n\t\t\t\t\t\t\n\t\t\t\t\t<\/div>\n\t\t\t\t<\/div>\n\t\t\t<\/div>\n\t\t<\/div>\n\n\t\t<\/div>\n\t<\/div>\n<\/div>[\/vc_column][vc_column width=&#8221;1\/3&#8243;]\n<div class=\"edgtf-team main-info-below-image\">\n\t<div class=\"edgtf-team-inner\">\n\t\t\t\t\t<div class=\"edgtf-team-image\">\n                <img loading=\"lazy\" decoding=\"async\" width=\"1447\" height=\"2048\" src=\"https:\/\/territoriolab.org\/wp-content\/uploads\/2021\/06\/V-Diplomado.jpg\" class=\"attachment-full size-full\" alt=\"Diplomado en Pensamiento Ambiental\" srcset=\"https:\/\/territoriolab.org\/wp-content\/uploads\/2021\/06\/V-Diplomado.jpg 1447w, https:\/\/territoriolab.org\/wp-content\/uploads\/2021\/06\/V-Diplomado-212x300.jpg 212w, https:\/\/territoriolab.org\/wp-content\/uploads\/2021\/06\/V-Diplomado-724x1024.jpg 724w, https:\/\/territoriolab.org\/wp-content\/uploads\/2021\/06\/V-Diplomado-768x1087.jpg 768w, https:\/\/territoriolab.org\/wp-content\/uploads\/2021\/06\/V-Diplomado-1085x1536.jpg 1085w\" sizes=\"auto, (max-width: 1447px) 100vw, 1447px\" \/>                                    <a class=\"edgtf-team-image-link icomoon-icon-link\" itemprop=\"url\" href=\"https:\/\/territoriolab.org\/eu\/ingurumen-pentsamenduan-diplomaduna\/\" target=\"_self\"><\/a>\n                \t\t\t<\/div>\n\t\t\n\t\t\t\t\t<div class=\"edgtf-team-info\">\n\t\t\t\t\t\t\t\t\t<div class=\"edgtf-team-title-holder normal_social\">\n\t\t\t\t\t\t\t\t\t\t\t\t\t<h4 class=\"edgtf-team-name\" >\n\t\t\t\t\t\t\t\tIngurumen-pentsamenduan Diplomaduna\t\t\t\t\t\t\t<\/h4>\n\t\t\t\t\t\t\t\t\t\t\t\t\t\t\t\t\t<\/div>\n\t\t\t\t\n\t\t\t\t\n\t\t<div class=\"edgtf-team-social-holder-between\">\n\t\t\t<div class=\"edgtf-team-social normal_social\">\n\t\t\t\t<div class=\"edgtf-team-social-inner\">\n\t\t\t\t\t<div class=\"edgtf-team-social-wrapp\">\n\n\t\t\t\t\t\t\n\t\t\t\t\t<\/div>\n\t\t\t\t<\/div>\n\t\t\t<\/div>\n\t\t<\/div>\n\n\t\t<\/div>\n\t<\/div>\n<\/div>[\/vc_column][\/vc_row][vc_row][vc_column][vc_empty_space][vc_empty_space][\/vc_column][\/vc_row]<\/p>\n<\/div>","protected":false},"excerpt":{"rendered":"<p>[vc_row content_width=&#8221;grid&#8221; content_aligment=&#8221;center&#8221; css=&#8221;.vc_custom_1571920230285{margin-top: -30px !important;background: #20201f url(https:\/\/territoriolab.org\/wp-content\/uploads\/2019\/10\/ico_teritorios_claro.png?id=17593) !important;background-position: 0 0 !important;background-repeat: no-repeat !important;}&#8221; el_class=&#8221;hero hero_pag&#8221;][vc_column][vc_column_text] LURRALDEAK [\/vc_column_text][vc_column_text] Online prestakuntza [\/vc_column_text][vc_empty_space][\/vc_column][\/vc_row][vc_row content_width=&#8221;grid&#8221; css=&#8221;.vc_custom_1624544055970{padding-top: 60px !important;padding-bottom: 60px !important;background-color: #221d1f !important;background-position: 0 0 !important;background-repeat: no-repeat !important;}&#8221; el_id=&#8221;actividades&#8221;][vc_column width=&#8221;1\/3&#8243;][\/vc_column][vc_column width=&#8221;1\/3&#8243;][\/vc_column][vc_column width=&#8221;1\/3&#8243;][\/vc_column][\/vc_row][vc_row][vc_column][vc_empty_space][vc_empty_space][\/vc_column][\/vc_row]<\/p>\n","protected":false},"author":3,"featured_media":0,"parent":0,"menu_order":0,"comment_status":"closed","ping_status":"closed","template":"full-width.php","meta":{"_acf_changed":false,"footnotes":""},"class_list":["post-18796","page","type-page","status-publish","hentry"],"acf":[],"yoast_head":"<!-- This site is optimized with the Yoast SEO plugin v27.3 - https:\/\/yoast.com\/product\/yoast-seo-wordpress\/ -->\n<title>Territorios en Conflicto. Gernika Gogoratuz y Gernikatik Mundura<\/title>\n<meta name=\"description\" content=\"Acompa\u00f1amiento de procesos y consolidaci\u00f3n de narrativas sobre sostenibilidad de la vida en Cabo Delgado - Mozambique, Cajamarca - Colombia y Urdaibai - Pa\u00eds Vasco.\" \/>\n<meta name=\"robots\" content=\"index, follow, max-snippet:-1, max-image-preview:large, max-video-preview:-1\" \/>\n<link rel=\"canonical\" href=\"https:\/\/territoriolab.org\/eu\/online-prestakuntza\/\" \/>\n<meta property=\"og:locale\" content=\"en_US\" \/>\n<meta property=\"og:type\" content=\"article\" \/>\n<meta property=\"og:title\" content=\"Territorios en Conflicto. Gernika Gogoratuz y Gernikatik Mundura\" \/>\n<meta property=\"og:description\" content=\"Acompa\u00f1amiento de procesos y consolidaci\u00f3n de narrativas sobre sostenibilidad de la vida en Cabo Delgado - Mozambique, Cajamarca - Colombia y Urdaibai - Pa\u00eds Vasco.\" \/>\n<meta property=\"og:url\" content=\"https:\/\/territoriolab.org\/eu\/online-prestakuntza\/\" \/>\n<meta property=\"og:site_name\" content=\"Territorios para la vida\" \/>\n<meta property=\"article:modified_time\" content=\"2021-06-25T07:36:18+00:00\" \/>\n<meta property=\"og:image\" content=\"https:\/\/territoriolab.org\/wp-content\/uploads\/2024\/02\/gereizpetatik-11-izpi.jpg\" \/>\n\t<meta property=\"og:image:width\" content=\"1920\" \/>\n\t<meta property=\"og:image:height\" content=\"670\" \/>\n\t<meta property=\"og:image:type\" content=\"image\/jpeg\" \/>\n<meta name=\"twitter:card\" content=\"summary_large_image\" \/>\n<meta name=\"twitter:label1\" content=\"Est. reading time\" \/>\n\t<meta name=\"twitter:data1\" content=\"1 minutua\" \/>\n<script type=\"application\/ld+json\" class=\"yoast-schema-graph\">{\"@context\":\"https:\\\/\\\/schema.org\",\"@graph\":[{\"@type\":\"WebPage\",\"@id\":\"https:\\\/\\\/territoriolab.org\\\/eu\\\/online-prestakuntza\\\/\",\"url\":\"https:\\\/\\\/territoriolab.org\\\/eu\\\/online-prestakuntza\\\/\",\"name\":\"Territorios en Conflicto. Gernika Gogoratuz y Gernikatik Mundura\",\"isPartOf\":{\"@id\":\"https:\\\/\\\/territoriolab.org\\\/eu\\\/pt-pt\\\/#website\"},\"datePublished\":\"2019-12-16T10:54:52+00:00\",\"dateModified\":\"2021-06-25T07:36:18+00:00\",\"description\":\"Acompa\u00f1amiento de procesos y consolidaci\u00f3n de narrativas sobre sostenibilidad de la vida en Cabo Delgado - Mozambique, Cajamarca - Colombia y Urdaibai - Pa\u00eds Vasco.\",\"breadcrumb\":{\"@id\":\"https:\\\/\\\/territoriolab.org\\\/eu\\\/online-prestakuntza\\\/#breadcrumb\"},\"inLanguage\":\"eu\",\"potentialAction\":[{\"@type\":\"ReadAction\",\"target\":[\"https:\\\/\\\/territoriolab.org\\\/eu\\\/online-prestakuntza\\\/\"]}]},{\"@type\":\"BreadcrumbList\",\"@id\":\"https:\\\/\\\/territoriolab.org\\\/eu\\\/online-prestakuntza\\\/#breadcrumb\",\"itemListElement\":[{\"@type\":\"ListItem\",\"position\":1,\"name\":\"Portada\",\"item\":\"https:\\\/\\\/territoriolab.org\\\/eu\\\/\"},{\"@type\":\"ListItem\",\"position\":2,\"name\":\"Online prestakuntza\"}]},{\"@type\":\"WebSite\",\"@id\":\"https:\\\/\\\/territoriolab.org\\\/eu\\\/pt-pt\\\/#website\",\"url\":\"https:\\\/\\\/territoriolab.org\\\/eu\\\/pt-pt\\\/\",\"name\":\"Territorios para la vida\",\"description\":\"Investigaci\u00f3n y formaci\u00f3n de alternativas de vida\",\"publisher\":{\"@id\":\"https:\\\/\\\/territoriolab.org\\\/eu\\\/pt-pt\\\/#organization\"},\"potentialAction\":[{\"@type\":\"SearchAction\",\"target\":{\"@type\":\"EntryPoint\",\"urlTemplate\":\"https:\\\/\\\/territoriolab.org\\\/eu\\\/pt-pt\\\/?s={search_term_string}\"},\"query-input\":{\"@type\":\"PropertyValueSpecification\",\"valueRequired\":true,\"valueName\":\"search_term_string\"}}],\"inLanguage\":\"eu\"},{\"@type\":\"Organization\",\"@id\":\"https:\\\/\\\/territoriolab.org\\\/eu\\\/pt-pt\\\/#organization\",\"name\":\"Territorios en Conflicto\",\"url\":\"https:\\\/\\\/territoriolab.org\\\/eu\\\/pt-pt\\\/\",\"logo\":{\"@type\":\"ImageObject\",\"inLanguage\":\"eu\",\"@id\":\"https:\\\/\\\/territoriolab.org\\\/eu\\\/pt-pt\\\/#\\\/schema\\\/logo\\\/image\\\/\",\"url\":\"https:\\\/\\\/territoriolab.org\\\/wp-content\\\/uploads\\\/2019\\\/10\\\/logo.png\",\"contentUrl\":\"https:\\\/\\\/territoriolab.org\\\/wp-content\\\/uploads\\\/2019\\\/10\\\/logo.png\",\"width\":300,\"height\":82,\"caption\":\"Territorios en Conflicto\"},\"image\":{\"@id\":\"https:\\\/\\\/territoriolab.org\\\/eu\\\/pt-pt\\\/#\\\/schema\\\/logo\\\/image\\\/\"}}]}<\/script>\n<!-- \/ Yoast SEO plugin. -->","yoast_head_json":{"title":"Territorios en Conflicto. Gernika Gogoratuz y Gernikatik Mundura","description":"Acompa\u00f1amiento de procesos y consolidaci\u00f3n de narrativas sobre sostenibilidad de la vida en Cabo Delgado - Mozambique, Cajamarca - Colombia y Urdaibai - Pa\u00eds Vasco.","robots":{"index":"index","follow":"follow","max-snippet":"max-snippet:-1","max-image-preview":"max-image-preview:large","max-video-preview":"max-video-preview:-1"},"canonical":"https:\/\/territoriolab.org\/eu\/online-prestakuntza\/","og_locale":"en_US","og_type":"article","og_title":"Territorios en Conflicto. Gernika Gogoratuz y Gernikatik Mundura","og_description":"Acompa\u00f1amiento de procesos y consolidaci\u00f3n de narrativas sobre sostenibilidad de la vida en Cabo Delgado - Mozambique, Cajamarca - Colombia y Urdaibai - Pa\u00eds Vasco.","og_url":"https:\/\/territoriolab.org\/eu\/online-prestakuntza\/","og_site_name":"Territorios para la vida","article_modified_time":"2021-06-25T07:36:18+00:00","og_image":[{"width":1920,"height":670,"url":"https:\/\/territoriolab.org\/wp-content\/uploads\/2024\/02\/gereizpetatik-11-izpi.jpg","type":"image\/jpeg"}],"twitter_card":"summary_large_image","twitter_misc":{"Est. reading time":"1 minutua"},"schema":{"@context":"https:\/\/schema.org","@graph":[{"@type":"WebPage","@id":"https:\/\/territoriolab.org\/eu\/online-prestakuntza\/","url":"https:\/\/territoriolab.org\/eu\/online-prestakuntza\/","name":"Territorios en Conflicto. Gernika Gogoratuz y Gernikatik Mundura","isPartOf":{"@id":"https:\/\/territoriolab.org\/eu\/pt-pt\/#website"},"datePublished":"2019-12-16T10:54:52+00:00","dateModified":"2021-06-25T07:36:18+00:00","description":"Acompa\u00f1amiento de procesos y consolidaci\u00f3n de narrativas sobre sostenibilidad de la vida en Cabo Delgado - Mozambique, Cajamarca - Colombia y Urdaibai - Pa\u00eds Vasco.","breadcrumb":{"@id":"https:\/\/territoriolab.org\/eu\/online-prestakuntza\/#breadcrumb"},"inLanguage":"eu","potentialAction":[{"@type":"ReadAction","target":["https:\/\/territoriolab.org\/eu\/online-prestakuntza\/"]}]},{"@type":"BreadcrumbList","@id":"https:\/\/territoriolab.org\/eu\/online-prestakuntza\/#breadcrumb","itemListElement":[{"@type":"ListItem","position":1,"name":"Portada","item":"https:\/\/territoriolab.org\/eu\/"},{"@type":"ListItem","position":2,"name":"Online prestakuntza"}]},{"@type":"WebSite","@id":"https:\/\/territoriolab.org\/eu\/pt-pt\/#website","url":"https:\/\/territoriolab.org\/eu\/pt-pt\/","name":"Territorios para la vida","description":"Investigaci\u00f3n y formaci\u00f3n de alternativas de vida","publisher":{"@id":"https:\/\/territoriolab.org\/eu\/pt-pt\/#organization"},"potentialAction":[{"@type":"SearchAction","target":{"@type":"EntryPoint","urlTemplate":"https:\/\/territoriolab.org\/eu\/pt-pt\/?s={search_term_string}"},"query-input":{"@type":"PropertyValueSpecification","valueRequired":true,"valueName":"search_term_string"}}],"inLanguage":"eu"},{"@type":"Organization","@id":"https:\/\/territoriolab.org\/eu\/pt-pt\/#organization","name":"Territorios en Conflicto","url":"https:\/\/territoriolab.org\/eu\/pt-pt\/","logo":{"@type":"ImageObject","inLanguage":"eu","@id":"https:\/\/territoriolab.org\/eu\/pt-pt\/#\/schema\/logo\/image\/","url":"https:\/\/territoriolab.org\/wp-content\/uploads\/2019\/10\/logo.png","contentUrl":"https:\/\/territoriolab.org\/wp-content\/uploads\/2019\/10\/logo.png","width":300,"height":82,"caption":"Territorios en Conflicto"},"image":{"@id":"https:\/\/territoriolab.org\/eu\/pt-pt\/#\/schema\/logo\/image\/"}}]}},"_links":{"self":[{"href":"https:\/\/territoriolab.org\/eu\/wp-json\/wp\/v2\/pages\/18796","targetHints":{"allow":["GET"]}}],"collection":[{"href":"https:\/\/territoriolab.org\/eu\/wp-json\/wp\/v2\/pages"}],"about":[{"href":"https:\/\/territoriolab.org\/eu\/wp-json\/wp\/v2\/types\/page"}],"author":[{"embeddable":true,"href":"https:\/\/territoriolab.org\/eu\/wp-json\/wp\/v2\/users\/3"}],"replies":[{"embeddable":true,"href":"https:\/\/territoriolab.org\/eu\/wp-json\/wp\/v2\/comments?post=18796"}],"version-history":[{"count":0,"href":"https:\/\/territoriolab.org\/eu\/wp-json\/wp\/v2\/pages\/18796\/revisions"}],"wp:attachment":[{"href":"https:\/\/territoriolab.org\/eu\/wp-json\/wp\/v2\/media?parent=18796"}],"curies":[{"name":"wp","href":"https:\/\/api.w.org\/{rel}","templated":true}]}}