{"id":20195,"date":"2020-11-18T17:24:44","date_gmt":"2020-11-18T16:24:44","guid":{"rendered":"https:\/\/territoriolab.org\/?page_id=20195"},"modified":"2020-12-09T09:59:26","modified_gmt":"2020-12-09T08:59:26","slug":"bestelako-baliabideak-urdaibai","status":"publish","type":"page","link":"https:\/\/territoriolab.org\/eu\/bestelako-baliabideak-urdaibai\/","title":{"rendered":"Urdaibai. Eskualdeko argazkia tallerra"},"content":{"rendered":"<div class=\"wpb-content-wrapper\"><p>[vc_row content_width=&#8221;grid&#8221; css=&#8221;.vc_custom_1605631419037{padding-top: 60px !important;padding-bottom: 60px !important;background-color: #221d1f !important;}&#8221; el_class=&#8221;seccion_con_titulo ancla_territorio&#8221; el_id=&#8221;actividades&#8221;][vc_column][vc_column_text el_class=&#8221;titulo_seccion&#8221;]<\/p>\n<h2 class=\"color_principal\">Eskualdeko Argazkia Tallerra<\/h2>\n<p>[\/vc_column_text][vc_column_text]<\/p>\n<h3 class=\"color_principal texto_muynegrita\">Busturialdea-Urdaibai eskualdeko diagnostikoa<\/h3>\n<p>[\/vc_column_text][vc_empty_space][vc_column_text]<\/p>\n<h3 class=\"color_principal texto_muynegrita\">Egungo egoera<\/h3>\n<p>[\/vc_column_text][vc_empty_space][vc_empty_space][vc_column_text]<\/p>\n<p class=\"color_blanco\"><strong>Txosten soziologikoa.<\/strong><br \/>\nRosa de la Asunci\u00f3n. <span lang=\"PT\">Soziologoa eta genero berdintasunean aditua. <\/span><\/p>\n<p>[\/vc_column_text][vc_empty_space][vc_row_inner][vc_column_inner width=&#8221;1\/2&#8243;][vc_empty_space][vc_video link=&#8221;https:\/\/youtu.be\/kYjlpqQ0MSw&#8221;][\/vc_column_inner][vc_column_inner width=&#8221;1\/2&#8243;][vc_empty_space]<a itemprop=\"url\" href=\"https:\/\/territoriolab.org\/wp-content\/uploads\/2020\/11\/002-Rosa-de-la-Asuncio\u0301n-Datos-sociolo\u0301gicos.pdf\" target=\"_blank\"  class=\"edgtf-btn edgtf-btn-medium edgtf-btn-solid\"  >\n\t<span class=\"edgtf-btn-text\">Datu soziologikoak<\/span>\n    <\/a>[\/vc_column_inner][\/vc_row_inner][\/vc_column][\/vc_row][vc_row content_width=&#8221;grid&#8221; css=&#8221;.vc_custom_1571999807642{padding-top: 60px !important;padding-bottom: 60px !important;background-color: #221d1f !important;}&#8221; el_class=&#8221;seccion_con_titulo ancla_territorio&#8221;][vc_column][vc_empty_space][vc_column_text]<\/p>\n<p class=\"color_blanco\"><strong><span lang=\"PT\">Txosten sozioekonomikoa<\/span>.<\/strong><br \/>\n<span lang=\"PT\">Ramon Zallo. Ekonomilaria eta UPV\/EHUko irakasle emeritua<\/span><\/p>\n<p>[\/vc_column_text][vc_empty_space][vc_row_inner][vc_column_inner width=&#8221;1\/2&#8243;][vc_empty_space][vc_video link=&#8221;https:\/\/youtu.be\/ImhaFdJ0VVU&#8221;][\/vc_column_inner][vc_column_inner width=&#8221;1\/2&#8243;][vc_empty_space]<a itemprop=\"url\" href=\"https:\/\/territoriolab.org\/wp-content\/uploads\/2020\/11\/003-Ramo\u0301n-Zallo-Datos-socioecono\u0301micos-resumen.pdf\" target=\"_blank\"  class=\"edgtf-btn edgtf-btn-medium edgtf-btn-solid\"  >\n\t<span class=\"edgtf-btn-text\">Busturialdeko datu sozioekonomikoak<\/span>\n    <\/a>[vc_empty_space]<a itemprop=\"url\" href=\"https:\/\/territoriolab.org\/wp-content\/uploads\/2020\/11\/004-Ramo\u0301n-Zallo-DAFO-Bustur..pdf\" target=\"_blank\"  class=\"edgtf-btn edgtf-btn-medium edgtf-btn-solid\"  >\n\t<span class=\"edgtf-btn-text\">DAFO<\/span>\n    <\/a>[\/vc_column_inner][\/vc_row_inner][\/vc_column][\/vc_row][vc_row content_width=&#8221;grid&#8221; css=&#8221;.vc_custom_1571999807642{padding-top: 60px !important;padding-bottom: 60px !important;background-color: #221d1f !important;}&#8221; el_class=&#8221;seccion_con_titulo ancla_territorio&#8221;][vc_column][vc_empty_space][vc_column_text]<\/p>\n<p class=\"color_blanco\"><strong>Erakunde Publikoen Planak eta Ekintzak.<\/strong><br \/>\nXabier Arana, Ekologoa. Urdaibaiko eragilea.<\/p>\n<p>[\/vc_column_text][vc_empty_space][vc_row_inner][vc_column_inner width=&#8221;1\/2&#8243;][vc_empty_space][vc_video link=&#8221;https:\/\/youtu.be\/9nlQ7UEsIVA&#8221;][\/vc_column_inner][vc_column_inner width=&#8221;1\/2&#8243;][vc_empty_space]<a itemprop=\"url\" href=\"https:\/\/territoriolab.org\/wp-content\/uploads\/2020\/12\/PLANGINTZA_EGINTZA_1-TAILERRA_EUSK.pdf\" target=\"_blank\"  class=\"edgtf-btn edgtf-btn-medium edgtf-btn-solid\"  >\n\t<span class=\"edgtf-btn-text\">Erakunde Publikoen Planak eta Ekintzak<\/span>\n    <\/a>[\/vc_column_inner][\/vc_row_inner][\/vc_column][\/vc_row][vc_row content_width=&#8221;grid&#8221; css=&#8221;.vc_custom_1571999807642{padding-top: 60px !important;padding-bottom: 60px !important;background-color: #221d1f !important;}&#8221; el_class=&#8221;seccion_con_titulo ancla_territorio&#8221;][vc_column][vc_column_text]<\/p>\n<h3 class=\"color_principal texto_muynegrita\">Etorkizunera begira<\/h3>\n<p>[\/vc_column_text][vc_empty_space][vc_column_text]<\/p>\n<p class=\"color_blanco\"><strong>Aurrera begira ditugun erronkak eta dilemak<\/strong>.<br \/>\nRam\u00f3n Zallo eta Xabier Arana<\/p>\n<p>[\/vc_column_text][vc_empty_space][vc_row_inner][vc_column_inner width=&#8221;1\/2&#8243;][vc_empty_space][vc_video link=&#8221;https:\/\/youtu.be\/tddKWr3MFNs&#8221;][\/vc_column_inner][vc_column_inner width=&#8221;1\/2&#8243;][vc_empty_space]<a itemprop=\"url\" href=\"https:\/\/territoriolab.org\/wp-content\/uploads\/2020\/12\/GOBERNANTZA_ERRONKAK_1-TAILERRA_EUSK.pdf\" target=\"_blank\"  class=\"edgtf-btn edgtf-btn-medium edgtf-btn-solid\"  >\n\t<span class=\"edgtf-btn-text\">Erronkak eta dilemak<\/span>\n    <\/a>[\/vc_column_inner][\/vc_row_inner][\/vc_column][\/vc_row][vc_row][vc_column][vc_empty_space][\/vc_column][\/vc_row]<\/p>\n<\/div>","protected":false},"excerpt":{"rendered":"<p>[vc_row content_width=&#8221;grid&#8221; css=&#8221;.vc_custom_1605631419037{padding-top: 60px !important;padding-bottom: 60px !important;background-color: #221d1f !important;}&#8221; el_class=&#8221;seccion_con_titulo ancla_territorio&#8221; el_id=&#8221;actividades&#8221;][vc_column][vc_column_text el_class=&#8221;titulo_seccion&#8221;] Eskualdeko Argazkia Tallerra [\/vc_column_text][vc_column_text] Busturialdea-Urdaibai eskualdeko diagnostikoa [\/vc_column_text][vc_empty_space][vc_column_text] Egungo egoera [\/vc_column_text][vc_empty_space][vc_empty_space][vc_column_text] Txosten soziologikoa. Rosa de la Asunci\u00f3n. Soziologoa eta genero berdintasunean aditua. [\/vc_column_text][vc_empty_space][vc_row_inner][vc_column_inner width=&#8221;1\/2&#8243;][vc_empty_space][vc_video link=&#8221;https:\/\/youtu.be\/kYjlpqQ0MSw&#8221;][\/vc_column_inner][vc_column_inner width=&#8221;1\/2&#8243;][vc_empty_space][\/vc_column_inner][\/vc_row_inner][\/vc_column][\/vc_row][vc_row content_width=&#8221;grid&#8221; css=&#8221;.vc_custom_1571999807642{padding-top: 60px !important;padding-bottom: 60px !important;background-color: #221d1f !important;}&#8221; el_class=&#8221;seccion_con_titulo ancla_territorio&#8221;][vc_column][vc_empty_space][vc_column_text] Txosten sozioekonomikoa. Ramon Zallo. Ekonomilaria eta&#8230;<\/p>\n","protected":false},"author":2,"featured_media":0,"parent":0,"menu_order":0,"comment_status":"closed","ping_status":"closed","template":"full-width.php","meta":{"_acf_changed":false,"footnotes":""},"class_list":["post-20195","page","type-page","status-publish","hentry"],"acf":[],"yoast_head":"<!-- This site is optimized with the Yoast SEO plugin v27.4 - https:\/\/yoast.com\/product\/yoast-seo-wordpress\/ -->\n<title>Territorios en Conflicto. Gernika Gogoratuz y Gernikatik Mundura<\/title>\n<meta name=\"description\" content=\"Acompa\u00f1amiento de procesos y consolidaci\u00f3n de narrativas sobre sostenibilidad de la vida en Cabo Delgado - Mozambique, Cajamarca - Colombia y Urdaibai - Pa\u00eds Vasco.\" \/>\n<meta name=\"robots\" content=\"index, follow, max-snippet:-1, max-image-preview:large, max-video-preview:-1\" \/>\n<link rel=\"canonical\" href=\"https:\/\/territoriolab.org\/eu\/bestelako-baliabideak-urdaibai\/\" \/>\n<meta property=\"og:locale\" content=\"en_US\" \/>\n<meta property=\"og:type\" content=\"article\" \/>\n<meta property=\"og:title\" content=\"Territorios en Conflicto. Gernika Gogoratuz y Gernikatik Mundura\" \/>\n<meta property=\"og:description\" content=\"Acompa\u00f1amiento de procesos y consolidaci\u00f3n de narrativas sobre sostenibilidad de la vida en Cabo Delgado - Mozambique, Cajamarca - Colombia y Urdaibai - Pa\u00eds Vasco.\" \/>\n<meta property=\"og:url\" content=\"https:\/\/territoriolab.org\/eu\/bestelako-baliabideak-urdaibai\/\" \/>\n<meta property=\"og:site_name\" content=\"Territorios para la vida\" \/>\n<meta property=\"article:modified_time\" content=\"2020-12-09T08:59:26+00:00\" \/>\n<meta property=\"og:image\" content=\"https:\/\/territoriolab.org\/wp-content\/uploads\/2024\/02\/gereizpetatik-11-izpi.jpg\" \/>\n\t<meta property=\"og:image:width\" content=\"1920\" \/>\n\t<meta property=\"og:image:height\" content=\"670\" \/>\n\t<meta property=\"og:image:type\" content=\"image\/jpeg\" \/>\n<meta name=\"twitter:card\" content=\"summary_large_image\" \/>\n<meta name=\"twitter:label1\" content=\"Est. reading time\" \/>\n\t<meta name=\"twitter:data1\" content=\"3 minutua\" \/>\n<script type=\"application\/ld+json\" class=\"yoast-schema-graph\">{\"@context\":\"https:\\\/\\\/schema.org\",\"@graph\":[{\"@type\":\"WebPage\",\"@id\":\"https:\\\/\\\/territoriolab.org\\\/eu\\\/bestelako-baliabideak-urdaibai\\\/\",\"url\":\"https:\\\/\\\/territoriolab.org\\\/eu\\\/bestelako-baliabideak-urdaibai\\\/\",\"name\":\"Territorios en Conflicto. Gernika Gogoratuz y Gernikatik Mundura\",\"isPartOf\":{\"@id\":\"https:\\\/\\\/territoriolab.org\\\/eu\\\/pt-pt\\\/#website\"},\"datePublished\":\"2020-11-18T16:24:44+00:00\",\"dateModified\":\"2020-12-09T08:59:26+00:00\",\"description\":\"Acompa\u00f1amiento de procesos y consolidaci\u00f3n de narrativas sobre sostenibilidad de la vida en Cabo Delgado - Mozambique, Cajamarca - Colombia y Urdaibai - Pa\u00eds Vasco.\",\"breadcrumb\":{\"@id\":\"https:\\\/\\\/territoriolab.org\\\/eu\\\/bestelako-baliabideak-urdaibai\\\/#breadcrumb\"},\"inLanguage\":\"eu\",\"potentialAction\":[{\"@type\":\"ReadAction\",\"target\":[\"https:\\\/\\\/territoriolab.org\\\/eu\\\/bestelako-baliabideak-urdaibai\\\/\"]}]},{\"@type\":\"BreadcrumbList\",\"@id\":\"https:\\\/\\\/territoriolab.org\\\/eu\\\/bestelako-baliabideak-urdaibai\\\/#breadcrumb\",\"itemListElement\":[{\"@type\":\"ListItem\",\"position\":1,\"name\":\"Portada\",\"item\":\"https:\\\/\\\/territoriolab.org\\\/eu\\\/\"},{\"@type\":\"ListItem\",\"position\":2,\"name\":\"Urdaibai. Eskualdeko argazkia tallerra\"}]},{\"@type\":\"WebSite\",\"@id\":\"https:\\\/\\\/territoriolab.org\\\/eu\\\/pt-pt\\\/#website\",\"url\":\"https:\\\/\\\/territoriolab.org\\\/eu\\\/pt-pt\\\/\",\"name\":\"Territorios para la vida\",\"description\":\"Investigaci\u00f3n y formaci\u00f3n de alternativas de vida\",\"publisher\":{\"@id\":\"https:\\\/\\\/territoriolab.org\\\/eu\\\/pt-pt\\\/#organization\"},\"potentialAction\":[{\"@type\":\"SearchAction\",\"target\":{\"@type\":\"EntryPoint\",\"urlTemplate\":\"https:\\\/\\\/territoriolab.org\\\/eu\\\/pt-pt\\\/?s={search_term_string}\"},\"query-input\":{\"@type\":\"PropertyValueSpecification\",\"valueRequired\":true,\"valueName\":\"search_term_string\"}}],\"inLanguage\":\"eu\"},{\"@type\":\"Organization\",\"@id\":\"https:\\\/\\\/territoriolab.org\\\/eu\\\/pt-pt\\\/#organization\",\"name\":\"Territorios en Conflicto\",\"url\":\"https:\\\/\\\/territoriolab.org\\\/eu\\\/pt-pt\\\/\",\"logo\":{\"@type\":\"ImageObject\",\"inLanguage\":\"eu\",\"@id\":\"https:\\\/\\\/territoriolab.org\\\/eu\\\/pt-pt\\\/#\\\/schema\\\/logo\\\/image\\\/\",\"url\":\"https:\\\/\\\/territoriolab.org\\\/wp-content\\\/uploads\\\/2019\\\/10\\\/logo.png\",\"contentUrl\":\"https:\\\/\\\/territoriolab.org\\\/wp-content\\\/uploads\\\/2019\\\/10\\\/logo.png\",\"width\":300,\"height\":82,\"caption\":\"Territorios en Conflicto\"},\"image\":{\"@id\":\"https:\\\/\\\/territoriolab.org\\\/eu\\\/pt-pt\\\/#\\\/schema\\\/logo\\\/image\\\/\"}}]}<\/script>\n<!-- \/ Yoast SEO plugin. -->","yoast_head_json":{"title":"Territorios en Conflicto. Gernika Gogoratuz y Gernikatik Mundura","description":"Acompa\u00f1amiento de procesos y consolidaci\u00f3n de narrativas sobre sostenibilidad de la vida en Cabo Delgado - Mozambique, Cajamarca - Colombia y Urdaibai - Pa\u00eds Vasco.","robots":{"index":"index","follow":"follow","max-snippet":"max-snippet:-1","max-image-preview":"max-image-preview:large","max-video-preview":"max-video-preview:-1"},"canonical":"https:\/\/territoriolab.org\/eu\/bestelako-baliabideak-urdaibai\/","og_locale":"en_US","og_type":"article","og_title":"Territorios en Conflicto. Gernika Gogoratuz y Gernikatik Mundura","og_description":"Acompa\u00f1amiento de procesos y consolidaci\u00f3n de narrativas sobre sostenibilidad de la vida en Cabo Delgado - Mozambique, Cajamarca - Colombia y Urdaibai - Pa\u00eds Vasco.","og_url":"https:\/\/territoriolab.org\/eu\/bestelako-baliabideak-urdaibai\/","og_site_name":"Territorios para la vida","article_modified_time":"2020-12-09T08:59:26+00:00","og_image":[{"width":1920,"height":670,"url":"https:\/\/territoriolab.org\/wp-content\/uploads\/2024\/02\/gereizpetatik-11-izpi.jpg","type":"image\/jpeg"}],"twitter_card":"summary_large_image","twitter_misc":{"Est. reading time":"3 minutua"},"schema":{"@context":"https:\/\/schema.org","@graph":[{"@type":"WebPage","@id":"https:\/\/territoriolab.org\/eu\/bestelako-baliabideak-urdaibai\/","url":"https:\/\/territoriolab.org\/eu\/bestelako-baliabideak-urdaibai\/","name":"Territorios en Conflicto. Gernika Gogoratuz y Gernikatik Mundura","isPartOf":{"@id":"https:\/\/territoriolab.org\/eu\/pt-pt\/#website"},"datePublished":"2020-11-18T16:24:44+00:00","dateModified":"2020-12-09T08:59:26+00:00","description":"Acompa\u00f1amiento de procesos y consolidaci\u00f3n de narrativas sobre sostenibilidad de la vida en Cabo Delgado - Mozambique, Cajamarca - Colombia y Urdaibai - Pa\u00eds Vasco.","breadcrumb":{"@id":"https:\/\/territoriolab.org\/eu\/bestelako-baliabideak-urdaibai\/#breadcrumb"},"inLanguage":"eu","potentialAction":[{"@type":"ReadAction","target":["https:\/\/territoriolab.org\/eu\/bestelako-baliabideak-urdaibai\/"]}]},{"@type":"BreadcrumbList","@id":"https:\/\/territoriolab.org\/eu\/bestelako-baliabideak-urdaibai\/#breadcrumb","itemListElement":[{"@type":"ListItem","position":1,"name":"Portada","item":"https:\/\/territoriolab.org\/eu\/"},{"@type":"ListItem","position":2,"name":"Urdaibai. Eskualdeko argazkia tallerra"}]},{"@type":"WebSite","@id":"https:\/\/territoriolab.org\/eu\/pt-pt\/#website","url":"https:\/\/territoriolab.org\/eu\/pt-pt\/","name":"Territorios para la vida","description":"Investigaci\u00f3n y formaci\u00f3n de alternativas de vida","publisher":{"@id":"https:\/\/territoriolab.org\/eu\/pt-pt\/#organization"},"potentialAction":[{"@type":"SearchAction","target":{"@type":"EntryPoint","urlTemplate":"https:\/\/territoriolab.org\/eu\/pt-pt\/?s={search_term_string}"},"query-input":{"@type":"PropertyValueSpecification","valueRequired":true,"valueName":"search_term_string"}}],"inLanguage":"eu"},{"@type":"Organization","@id":"https:\/\/territoriolab.org\/eu\/pt-pt\/#organization","name":"Territorios en Conflicto","url":"https:\/\/territoriolab.org\/eu\/pt-pt\/","logo":{"@type":"ImageObject","inLanguage":"eu","@id":"https:\/\/territoriolab.org\/eu\/pt-pt\/#\/schema\/logo\/image\/","url":"https:\/\/territoriolab.org\/wp-content\/uploads\/2019\/10\/logo.png","contentUrl":"https:\/\/territoriolab.org\/wp-content\/uploads\/2019\/10\/logo.png","width":300,"height":82,"caption":"Territorios en Conflicto"},"image":{"@id":"https:\/\/territoriolab.org\/eu\/pt-pt\/#\/schema\/logo\/image\/"}}]}},"_links":{"self":[{"href":"https:\/\/territoriolab.org\/eu\/wp-json\/wp\/v2\/pages\/20195","targetHints":{"allow":["GET"]}}],"collection":[{"href":"https:\/\/territoriolab.org\/eu\/wp-json\/wp\/v2\/pages"}],"about":[{"href":"https:\/\/territoriolab.org\/eu\/wp-json\/wp\/v2\/types\/page"}],"author":[{"embeddable":true,"href":"https:\/\/territoriolab.org\/eu\/wp-json\/wp\/v2\/users\/2"}],"replies":[{"embeddable":true,"href":"https:\/\/territoriolab.org\/eu\/wp-json\/wp\/v2\/comments?post=20195"}],"version-history":[{"count":0,"href":"https:\/\/territoriolab.org\/eu\/wp-json\/wp\/v2\/pages\/20195\/revisions"}],"wp:attachment":[{"href":"https:\/\/territoriolab.org\/eu\/wp-json\/wp\/v2\/media?parent=20195"}],"curies":[{"name":"wp","href":"https:\/\/api.w.org\/{rel}","templated":true}]}}