{"id":20525,"date":"2021-02-24T10:30:51","date_gmt":"2021-02-24T09:30:51","guid":{"rendered":"https:\/\/territoriolab.org\/?page_id=20525"},"modified":"2025-11-12T10:56:40","modified_gmt":"2025-11-12T09:56:40","slug":"maputo-mozambique","status":"publish","type":"page","link":"https:\/\/territoriolab.org\/eu\/maputo-mozambique\/","title":{"rendered":"Maputo Mozambique"},"content":{"rendered":"<div class=\"wpb-content-wrapper\"><p>[vc_row content_width=&#8221;grid&#8221; content_aligment=&#8221;center&#8221; css=&#8221;.vc_custom_1634811661029{margin-top: -30px !important;background-image: url(https:\/\/territoriolab.org\/wp-content\/uploads\/2021\/10\/maputo-portada-2.jpg?id=23644) !important;background-position: center !important;background-repeat: no-repeat !important;background-size: cover !important;}&#8221; el_class=&#8221;hero hero_territorio&#8221;][vc_column][vc_column_text]<\/p>\n<p class=\"color_blanco\">LURRALDEAK<\/p>\n<p>[\/vc_column_text][vc_column_text]<\/p>\n<h1 class=\"color_blanco\">Maputo<br \/>\nMozambike<\/h1>\n<p>[\/vc_column_text][\/vc_column][\/vc_row][vc_row anchor=&#8221;sensor&#8221; css=&#8221;.vc_custom_1571993728560{margin-top: 0px !important;margin-right: 0px !important;margin-bottom: 0px !important;margin-left: 0px !important;padding-top: 0px !important;padding-right: 0px !important;padding-bottom: 0px !important;padding-left: 0px !important;}&#8221; el_id=&#8221;sensor&#8221;][vc_column][\/vc_column][\/vc_row][vc_row content_width=&#8221;grid&#8221; anchor=&#8221;menu_anclas&#8221; el_class=&#8221;anclas_territorio&#8221; el_id=&#8221;menu_anclas&#8221;][vc_column][vc_widget_sidebar sidebar_id=&#8221;territorios-anchors&#8221;][\/vc_column][\/vc_row][vc_row content_width=&#8221;grid&#8221; css=&#8221;.vc_custom_1574759557428{padding-top: 60px !important;padding-bottom: 60px !important;background-position: 0 0 !important;background-repeat: no-repeat !important;}&#8221; el_class=&#8221;seccion_con_titulo ancla_territorio&#8221; el_id=&#8221;resumen&#8221;][vc_column][vc_column_text el_class=&#8221;titulo_seccion&#8221;]<\/p>\n<h2 class=\"color_principal\">Laburpena<\/h2>\n<p>[\/vc_column_text][vc_row_inner css=&#8221;.vc_custom_1570702945157{padding-top: 30px !important;}&#8221;][vc_column_inner width=&#8221;1\/2&#8243;][vc_column_text]Mozambikeko hiriburuan, Maputon, hiri-problematika desberdina da berez, eta analisirako bestelako gakoak ekartzen ditu horrek. \u201cKapitala\/bizitza\u201d dikotomiaren kontraesanak, Maputon zeharo agerikoak direnak, XXI.\u00a0mendeko kapitalismoaren berezko beste arlo baten adierazpena dira.[\/vc_column_text][vc_single_image image=&#8221;20782&#8243; img_size=&#8221;large&#8221; alignment=&#8221;center&#8221; css_animation=&#8221;fadeInLeft&#8221;][\/vc_column_inner][vc_column_inner width=&#8221;1\/2&#8243;][vc_column_text]Maputok 1.200.000 biztanle inguru ditu. Hirigunean, bizi-maila eta prezioak Mendebaldekoen parekoak dira. Gogoan izan beharra dago, ordea, biztanleen % 80 baino gehiago auzo informaletan bizi dela, auzo horietako gehienetan ez dutela ez estolderiarik eta ez saneamendurik, ez dutela lurralde-antolamendurik, kaleetan ez dagoela ez zoladurarik eta ez kale-argirik. Kale estuz eta aireztapen egokirik gabeko etxe prekarioz osatutako labirinto itxiak dira. Delinkuentzia antolatua da nagusi, hango jendea langabezian dago eta pobrezia-maila ezin handiagoan bizi da, indarkeriaz inguratuta: indarkeria sozialaz, eta batez ere, emakumeen eta neskatxen kontrako indarkeriaz. Halakoak dira, esaterako, Polana-Cani\u00e7o, Mafalala, Infulene, Mahotas eta Maxakeni auzoak.<\/p>\n<p>Joan den hamarkadan hiri-berrantolamendurako zenbait plan hasi zituzten, eta horien ildotik gatazka ugari sortu dira, batez ere bi auziren inguruan: alde batetik, Lurra Erabiltzeko eta Ustiatzeko Eskubidea (DUAT), eta bestetik, auzian dauden lursailen arteko legezko mugak.<\/p>\n<p>Herritar gehienek ez dute DUAT titulurik, eta horrek urratu egiten du etxebizitza duin bat lortzeko eskubidea. Bestalde, hirian errentak garestitzearen eta bestelako gentrifikazio-prozesuen ondorioz, hiriaren erdiguneko ingurune elitistenean hedapen-lurraldean dauden auzoetako bizilagunek (Polana-Cani\u00e7o eta Maxakeni auzoetakoak) beren etxeak utzi behar dituzte, lur horietan auzogune pribatuak eta gutxi-asko luxuzkoak eraiki ditzaten.<\/p>\n<p>Herritar arruntak gero eta urrunago bultzatzen dituzte, eta elkarri laguntzeko auzo-sareak hausten dizkiete, baina prozesu horri ez zaio apenas begiratzen ekonomia estraktibista eta hark eragiten duen aberastasun-pilaketa aztertzen direnean, haien ondorioz sortzen diren hiri-eremu gero eta esklusiboagoek herritar gehienak baztertzen badituzte ere.[\/vc_column_text][\/vc_column_inner][\/vc_row_inner][vc_empty_space][vc_column_text]Gentrifikazioaren mehatxuaren aurrean, zenbait erakunde komunitario prozesu horiei aurre egiteko alternatibak antolatzen ari dira GKE-en laguntzarekin, hirietan bertan eta legearen barruan aukerak sortu nahian, DUAT tituluak lortzeko eta pobreziaren eta langabeziaren aurka egiteko. Proiektu honen esparruan, helburua da egoera horren ondorioz sortzen ari diren gatazkak hobeto aztertzea eta herritarrak ahalduntzeko espazioak sustatzea, emakume gazteak ahalduntzekoak batik bat, artearen bidez eta zenbait material didaktiko prestatuz.[\/vc_column_text][\/vc_column][\/vc_row][vc_row content_aligment=&#8221;center&#8221; css=&#8221;.vc_custom_1613065184647{background-image: url(https:\/\/territoriolab.org\/wp-content\/uploads\/2020\/11\/batik2.jpg?id=20078) !important;background-position: center !important;background-repeat: no-repeat !important;background-size: cover !important;}&#8221; el_class=&#8221;fila_video ancla_territorio&#8221; el_id=&#8221;documental&#8221;][vc_column][vc_single_image image=&#8221;21320&#8243; img_size=&#8221;full&#8221; alignment=&#8221;center&#8221; onclick=&#8221;custom_link&#8221; img_link_target=&#8221;_blank&#8221; link=&#8221;https:\/\/youtu.be\/vvamP7h0akA&#8221;][\/vc_column][\/vc_row][vc_row el_id=&#8221;fotos&#8221; el_class=&#8221;ancla_territorio&#8221;][vc_column]<div class=\"edgtf-image-gallery\">\n\t<div class=\"edgtf-image-gallery-grid edgtf-gallery-columns-3  edgtf-overlay\" >\n\t\t\t\t\t<div class=\"edgtf-gallery-image\">\n\t\t\t\t\t\t\t\t<a itemprop=\"url\" href=\"https:\/\/territoriolab.org\/wp-content\/uploads\/2021\/02\/maputo-territorios1.jpg\" data-rel=\"prettyPhoto[single_pretty_photo]\" title=\"maputo-territorios1\">\n\t\t\t\t\t\t\t\t\t\t\t\t\t\t\t\t<img loading=\"lazy\" decoding=\"async\" width=\"1024\" height=\"576\" src=\"https:\/\/territoriolab.org\/wp-content\/uploads\/2021\/02\/maputo-territorios1-1024x576.jpg\" class=\"attachment-large size-large\" alt=\"Maputo taller Batik\" srcset=\"https:\/\/territoriolab.org\/wp-content\/uploads\/2021\/02\/maputo-territorios1-1024x576.jpg 1024w, https:\/\/territoriolab.org\/wp-content\/uploads\/2021\/02\/maputo-territorios1-300x169.jpg 300w, https:\/\/territoriolab.org\/wp-content\/uploads\/2021\/02\/maputo-territorios1-768x432.jpg 768w, https:\/\/territoriolab.org\/wp-content\/uploads\/2021\/02\/maputo-territorios1.jpg 1200w\" sizes=\"auto, (max-width: 1024px) 100vw, 1024px\" \/>\t\t\t\t\t\t\t\t\t\t\t\t\t\t<\/a>\n\t\t\t\t\t\t<\/div>\n\t\t\t\t\t<div class=\"edgtf-gallery-image\">\n\t\t\t\t\t\t\t\t<a itemprop=\"url\" href=\"https:\/\/territoriolab.org\/wp-content\/uploads\/2021\/02\/maputo-territorios7.jpg\" data-rel=\"prettyPhoto[single_pretty_photo]\" title=\"maputo-territorios7\">\n\t\t\t\t\t\t\t\t\t\t\t\t\t\t\t\t<img loading=\"lazy\" decoding=\"async\" width=\"1024\" height=\"576\" src=\"https:\/\/territoriolab.org\/wp-content\/uploads\/2021\/02\/maputo-territorios7-1024x576.jpg\" class=\"attachment-large size-large\" alt=\"Maputo taller Batik\" srcset=\"https:\/\/territoriolab.org\/wp-content\/uploads\/2021\/02\/maputo-territorios7-1024x576.jpg 1024w, https:\/\/territoriolab.org\/wp-content\/uploads\/2021\/02\/maputo-territorios7-300x169.jpg 300w, https:\/\/territoriolab.org\/wp-content\/uploads\/2021\/02\/maputo-territorios7-768x432.jpg 768w, https:\/\/territoriolab.org\/wp-content\/uploads\/2021\/02\/maputo-territorios7.jpg 1200w\" sizes=\"auto, (max-width: 1024px) 100vw, 1024px\" \/>\t\t\t\t\t\t\t\t\t\t\t\t\t\t<\/a>\n\t\t\t\t\t\t<\/div>\n\t\t\t\t\t<div class=\"edgtf-gallery-image\">\n\t\t\t\t\t\t\t\t<a itemprop=\"url\" href=\"https:\/\/territoriolab.org\/wp-content\/uploads\/2021\/02\/maputo-territorios2.jpg\" data-rel=\"prettyPhoto[single_pretty_photo]\" title=\"maputo-territorios2\">\n\t\t\t\t\t\t\t\t\t\t\t\t\t\t\t\t<img loading=\"lazy\" decoding=\"async\" width=\"1024\" height=\"576\" src=\"https:\/\/territoriolab.org\/wp-content\/uploads\/2021\/02\/maputo-territorios2-1024x576.jpg\" class=\"attachment-large size-large\" alt=\"Maputo taller Batik\" srcset=\"https:\/\/territoriolab.org\/wp-content\/uploads\/2021\/02\/maputo-territorios2-1024x576.jpg 1024w, https:\/\/territoriolab.org\/wp-content\/uploads\/2021\/02\/maputo-territorios2-300x169.jpg 300w, https:\/\/territoriolab.org\/wp-content\/uploads\/2021\/02\/maputo-territorios2-768x432.jpg 768w, https:\/\/territoriolab.org\/wp-content\/uploads\/2021\/02\/maputo-territorios2.jpg 1200w\" sizes=\"auto, (max-width: 1024px) 100vw, 1024px\" \/>\t\t\t\t\t\t\t\t\t\t\t\t\t\t<\/a>\n\t\t\t\t\t\t<\/div>\n\t\t\t\t\t<div class=\"edgtf-gallery-image\">\n\t\t\t\t\t\t\t\t<a itemprop=\"url\" href=\"https:\/\/territoriolab.org\/wp-content\/uploads\/2021\/02\/maputo-territorios5.jpg\" data-rel=\"prettyPhoto[single_pretty_photo]\" title=\"maputo-territorios5\">\n\t\t\t\t\t\t\t\t\t\t\t\t\t\t\t\t<img loading=\"lazy\" decoding=\"async\" width=\"1024\" height=\"576\" src=\"https:\/\/territoriolab.org\/wp-content\/uploads\/2021\/02\/maputo-territorios5-1024x576.jpg\" class=\"attachment-large size-large\" alt=\"Maputo taller Batik\" srcset=\"https:\/\/territoriolab.org\/wp-content\/uploads\/2021\/02\/maputo-territorios5-1024x576.jpg 1024w, https:\/\/territoriolab.org\/wp-content\/uploads\/2021\/02\/maputo-territorios5-300x169.jpg 300w, https:\/\/territoriolab.org\/wp-content\/uploads\/2021\/02\/maputo-territorios5-768x432.jpg 768w, https:\/\/territoriolab.org\/wp-content\/uploads\/2021\/02\/maputo-territorios5.jpg 1200w\" sizes=\"auto, (max-width: 1024px) 100vw, 1024px\" \/>\t\t\t\t\t\t\t\t\t\t\t\t\t\t<\/a>\n\t\t\t\t\t\t<\/div>\n\t\t\t\t\t<div class=\"edgtf-gallery-image\">\n\t\t\t\t\t\t\t\t<a itemprop=\"url\" href=\"https:\/\/territoriolab.org\/wp-content\/uploads\/2021\/02\/maputo-territorios6.jpg\" data-rel=\"prettyPhoto[single_pretty_photo]\" title=\"maputo-territorios6\">\n\t\t\t\t\t\t\t\t\t\t\t\t\t\t\t\t<img loading=\"lazy\" decoding=\"async\" width=\"1024\" height=\"576\" src=\"https:\/\/territoriolab.org\/wp-content\/uploads\/2021\/02\/maputo-territorios6-1024x576.jpg\" class=\"attachment-large size-large\" alt=\"Maputo taller Batik\" srcset=\"https:\/\/territoriolab.org\/wp-content\/uploads\/2021\/02\/maputo-territorios6-1024x576.jpg 1024w, https:\/\/territoriolab.org\/wp-content\/uploads\/2021\/02\/maputo-territorios6-300x169.jpg 300w, https:\/\/territoriolab.org\/wp-content\/uploads\/2021\/02\/maputo-territorios6-768x432.jpg 768w, https:\/\/territoriolab.org\/wp-content\/uploads\/2021\/02\/maputo-territorios6.jpg 1200w\" sizes=\"auto, (max-width: 1024px) 100vw, 1024px\" \/>\t\t\t\t\t\t\t\t\t\t\t\t\t\t<\/a>\n\t\t\t\t\t\t<\/div>\n\t\t\t\t\t<div class=\"edgtf-gallery-image\">\n\t\t\t\t\t\t\t\t<a itemprop=\"url\" href=\"https:\/\/territoriolab.org\/wp-content\/uploads\/2021\/02\/maputo-territorios3.jpg\" data-rel=\"prettyPhoto[single_pretty_photo]\" title=\"maputo-territorios3\">\n\t\t\t\t\t\t\t\t\t\t\t\t\t\t\t\t<img loading=\"lazy\" decoding=\"async\" width=\"1024\" height=\"576\" src=\"https:\/\/territoriolab.org\/wp-content\/uploads\/2021\/02\/maputo-territorios3-1024x576.jpg\" class=\"attachment-large size-large\" alt=\"Maputo taller Batik\" srcset=\"https:\/\/territoriolab.org\/wp-content\/uploads\/2021\/02\/maputo-territorios3-1024x576.jpg 1024w, https:\/\/territoriolab.org\/wp-content\/uploads\/2021\/02\/maputo-territorios3-300x169.jpg 300w, https:\/\/territoriolab.org\/wp-content\/uploads\/2021\/02\/maputo-territorios3-768x432.jpg 768w, https:\/\/territoriolab.org\/wp-content\/uploads\/2021\/02\/maputo-territorios3.jpg 1200w\" sizes=\"auto, (max-width: 1024px) 100vw, 1024px\" \/>\t\t\t\t\t\t\t\t\t\t\t\t\t\t<\/a>\n\t\t\t\t\t\t<\/div>\n\t\t\t\t\t<div class=\"edgtf-gallery-image\">\n\t\t\t\t\t\t\t\t<a itemprop=\"url\" href=\"https:\/\/territoriolab.org\/wp-content\/uploads\/2021\/02\/maputo-territorios8.jpg\" data-rel=\"prettyPhoto[single_pretty_photo]\" title=\"maputo-territorios8\">\n\t\t\t\t\t\t\t\t\t\t\t\t\t\t\t\t<img loading=\"lazy\" decoding=\"async\" width=\"1024\" height=\"576\" src=\"https:\/\/territoriolab.org\/wp-content\/uploads\/2021\/02\/maputo-territorios8-1024x576.jpg\" class=\"attachment-large size-large\" alt=\"Maputo taller Batik\" srcset=\"https:\/\/territoriolab.org\/wp-content\/uploads\/2021\/02\/maputo-territorios8-1024x576.jpg 1024w, https:\/\/territoriolab.org\/wp-content\/uploads\/2021\/02\/maputo-territorios8-300x169.jpg 300w, https:\/\/territoriolab.org\/wp-content\/uploads\/2021\/02\/maputo-territorios8-768x432.jpg 768w, https:\/\/territoriolab.org\/wp-content\/uploads\/2021\/02\/maputo-territorios8.jpg 1200w\" sizes=\"auto, (max-width: 1024px) 100vw, 1024px\" \/>\t\t\t\t\t\t\t\t\t\t\t\t\t\t<\/a>\n\t\t\t\t\t\t<\/div>\n\t\t\t\t\t<div class=\"edgtf-gallery-image\">\n\t\t\t\t\t\t\t\t<a itemprop=\"url\" href=\"https:\/\/territoriolab.org\/wp-content\/uploads\/2021\/02\/maputo-territorios9.jpg\" data-rel=\"prettyPhoto[single_pretty_photo]\" title=\"maputo-territorios9\">\n\t\t\t\t\t\t\t\t\t\t\t\t\t\t\t\t<img loading=\"lazy\" decoding=\"async\" width=\"1024\" height=\"576\" src=\"https:\/\/territoriolab.org\/wp-content\/uploads\/2021\/02\/maputo-territorios9-1024x576.jpg\" class=\"attachment-large size-large\" alt=\"Maputo taller Batik\" srcset=\"https:\/\/territoriolab.org\/wp-content\/uploads\/2021\/02\/maputo-territorios9-1024x576.jpg 1024w, https:\/\/territoriolab.org\/wp-content\/uploads\/2021\/02\/maputo-territorios9-300x169.jpg 300w, https:\/\/territoriolab.org\/wp-content\/uploads\/2021\/02\/maputo-territorios9-768x432.jpg 768w, https:\/\/territoriolab.org\/wp-content\/uploads\/2021\/02\/maputo-territorios9.jpg 1200w\" sizes=\"auto, (max-width: 1024px) 100vw, 1024px\" \/>\t\t\t\t\t\t\t\t\t\t\t\t\t\t<\/a>\n\t\t\t\t\t\t<\/div>\n\t\t\t\t\t<div class=\"edgtf-gallery-image\">\n\t\t\t\t\t\t\t\t<a itemprop=\"url\" href=\"https:\/\/territoriolab.org\/wp-content\/uploads\/2021\/02\/maputo-territorios4.jpg\" data-rel=\"prettyPhoto[single_pretty_photo]\" title=\"maputo-territorios4\">\n\t\t\t\t\t\t\t\t\t\t\t\t\t\t\t\t<img loading=\"lazy\" decoding=\"async\" width=\"1024\" height=\"576\" src=\"https:\/\/territoriolab.org\/wp-content\/uploads\/2021\/02\/maputo-territorios4-1024x576.jpg\" class=\"attachment-large size-large\" alt=\"Maputo taller Batik\" srcset=\"https:\/\/territoriolab.org\/wp-content\/uploads\/2021\/02\/maputo-territorios4-1024x576.jpg 1024w, https:\/\/territoriolab.org\/wp-content\/uploads\/2021\/02\/maputo-territorios4-300x169.jpg 300w, https:\/\/territoriolab.org\/wp-content\/uploads\/2021\/02\/maputo-territorios4-768x432.jpg 768w, https:\/\/territoriolab.org\/wp-content\/uploads\/2021\/02\/maputo-territorios4.jpg 1200w\" sizes=\"auto, (max-width: 1024px) 100vw, 1024px\" \/>\t\t\t\t\t\t\t\t\t\t\t\t\t\t<\/a>\n\t\t\t\t\t\t<\/div>\n\t\t\t<\/div>\n<\/div>[\/vc_column][\/vc_row]<\/p>\n<\/div>","protected":false},"excerpt":{"rendered":"<p>[vc_row content_width=&#8221;grid&#8221; content_aligment=&#8221;center&#8221; css=&#8221;.vc_custom_1634811661029{margin-top: -30px !important;background-image: url(https:\/\/territoriolab.org\/wp-content\/uploads\/2021\/10\/maputo-portada-2.jpg?id=23644) !important;background-position: center !important;background-repeat: no-repeat !important;background-size: cover !important;}&#8221; el_class=&#8221;hero hero_territorio&#8221;][vc_column][vc_column_text] LURRALDEAK [\/vc_column_text][vc_column_text] Maputo Mozambike [\/vc_column_text][\/vc_column][\/vc_row][vc_row anchor=&#8221;sensor&#8221; css=&#8221;.vc_custom_1571993728560{margin-top: 0px !important;margin-right: 0px !important;margin-bottom: 0px !important;margin-left: 0px !important;padding-top: 0px !important;padding-right: 0px !important;padding-bottom: 0px !important;padding-left: 0px !important;}&#8221; el_id=&#8221;sensor&#8221;][vc_column][\/vc_column][\/vc_row][vc_row content_width=&#8221;grid&#8221; anchor=&#8221;menu_anclas&#8221; el_class=&#8221;anclas_territorio&#8221; el_id=&#8221;menu_anclas&#8221;][vc_column][vc_widget_sidebar sidebar_id=&#8221;territorios-anchors&#8221;][\/vc_column][\/vc_row][vc_row content_width=&#8221;grid&#8221; css=&#8221;.vc_custom_1574759557428{padding-top: 60px !important;padding-bottom: 60px !important;background-position: 0 0 !important;background-repeat: no-repeat&#8230;<\/p>\n","protected":false},"author":2,"featured_media":0,"parent":0,"menu_order":0,"comment_status":"closed","ping_status":"closed","template":"full-width.php","meta":{"_acf_changed":false,"footnotes":""},"class_list":["post-20525","page","type-page","status-publish","hentry"],"acf":[],"yoast_head":"<!-- This site is optimized with the Yoast SEO plugin v27.3 - https:\/\/yoast.com\/product\/yoast-seo-wordpress\/ -->\n<title>Territorios en Conflicto. Gernika Gogoratuz y Gernikatik Mundura<\/title>\n<meta name=\"description\" content=\"Acompa\u00f1amiento de procesos y consolidaci\u00f3n de narrativas sobre sostenibilidad de la vida en Cabo Delgado - Mozambique, Cajamarca - Colombia y Urdaibai - Pa\u00eds Vasco.\" \/>\n<meta name=\"robots\" content=\"index, follow, max-snippet:-1, max-image-preview:large, max-video-preview:-1\" \/>\n<link rel=\"canonical\" href=\"https:\/\/territoriolab.org\/eu\/maputo-mozambique\/\" \/>\n<meta property=\"og:locale\" content=\"en_US\" \/>\n<meta property=\"og:type\" content=\"article\" \/>\n<meta property=\"og:title\" content=\"Territorios en Conflicto. Gernika Gogoratuz y Gernikatik Mundura\" \/>\n<meta property=\"og:description\" content=\"Acompa\u00f1amiento de procesos y consolidaci\u00f3n de narrativas sobre sostenibilidad de la vida en Cabo Delgado - Mozambique, Cajamarca - Colombia y Urdaibai - Pa\u00eds Vasco.\" \/>\n<meta property=\"og:url\" content=\"https:\/\/territoriolab.org\/eu\/maputo-mozambique\/\" \/>\n<meta property=\"og:site_name\" content=\"Territorios para la vida\" \/>\n<meta property=\"article:modified_time\" content=\"2025-11-12T09:56:40+00:00\" \/>\n<meta property=\"og:image\" content=\"https:\/\/territoriolab.org\/wp-content\/uploads\/2024\/02\/gereizpetatik-11-izpi.jpg\" \/>\n\t<meta property=\"og:image:width\" content=\"1920\" \/>\n\t<meta property=\"og:image:height\" content=\"670\" \/>\n\t<meta property=\"og:image:type\" content=\"image\/jpeg\" \/>\n<meta name=\"twitter:card\" content=\"summary_large_image\" \/>\n<meta name=\"twitter:label1\" content=\"Est. reading time\" \/>\n\t<meta name=\"twitter:data1\" content=\"2 minutua\" \/>\n<script type=\"application\/ld+json\" class=\"yoast-schema-graph\">{\"@context\":\"https:\\\/\\\/schema.org\",\"@graph\":[{\"@type\":\"WebPage\",\"@id\":\"https:\\\/\\\/territoriolab.org\\\/eu\\\/maputo-mozambique\\\/\",\"url\":\"https:\\\/\\\/territoriolab.org\\\/eu\\\/maputo-mozambique\\\/\",\"name\":\"Territorios en Conflicto. Gernika Gogoratuz y Gernikatik Mundura\",\"isPartOf\":{\"@id\":\"https:\\\/\\\/territoriolab.org\\\/eu\\\/pt-pt\\\/#website\"},\"datePublished\":\"2021-02-24T09:30:51+00:00\",\"dateModified\":\"2025-11-12T09:56:40+00:00\",\"description\":\"Acompa\u00f1amiento de procesos y consolidaci\u00f3n de narrativas sobre sostenibilidad de la vida en Cabo Delgado - Mozambique, Cajamarca - Colombia y Urdaibai - Pa\u00eds Vasco.\",\"breadcrumb\":{\"@id\":\"https:\\\/\\\/territoriolab.org\\\/eu\\\/maputo-mozambique\\\/#breadcrumb\"},\"inLanguage\":\"eu\",\"potentialAction\":[{\"@type\":\"ReadAction\",\"target\":[\"https:\\\/\\\/territoriolab.org\\\/eu\\\/maputo-mozambique\\\/\"]}]},{\"@type\":\"BreadcrumbList\",\"@id\":\"https:\\\/\\\/territoriolab.org\\\/eu\\\/maputo-mozambique\\\/#breadcrumb\",\"itemListElement\":[{\"@type\":\"ListItem\",\"position\":1,\"name\":\"Portada\",\"item\":\"https:\\\/\\\/territoriolab.org\\\/eu\\\/\"},{\"@type\":\"ListItem\",\"position\":2,\"name\":\"Maputo Mozambique\"}]},{\"@type\":\"WebSite\",\"@id\":\"https:\\\/\\\/territoriolab.org\\\/eu\\\/pt-pt\\\/#website\",\"url\":\"https:\\\/\\\/territoriolab.org\\\/eu\\\/pt-pt\\\/\",\"name\":\"Territorios para la vida\",\"description\":\"Investigaci\u00f3n y formaci\u00f3n de alternativas de vida\",\"publisher\":{\"@id\":\"https:\\\/\\\/territoriolab.org\\\/eu\\\/pt-pt\\\/#organization\"},\"potentialAction\":[{\"@type\":\"SearchAction\",\"target\":{\"@type\":\"EntryPoint\",\"urlTemplate\":\"https:\\\/\\\/territoriolab.org\\\/eu\\\/pt-pt\\\/?s={search_term_string}\"},\"query-input\":{\"@type\":\"PropertyValueSpecification\",\"valueRequired\":true,\"valueName\":\"search_term_string\"}}],\"inLanguage\":\"eu\"},{\"@type\":\"Organization\",\"@id\":\"https:\\\/\\\/territoriolab.org\\\/eu\\\/pt-pt\\\/#organization\",\"name\":\"Territorios en Conflicto\",\"url\":\"https:\\\/\\\/territoriolab.org\\\/eu\\\/pt-pt\\\/\",\"logo\":{\"@type\":\"ImageObject\",\"inLanguage\":\"eu\",\"@id\":\"https:\\\/\\\/territoriolab.org\\\/eu\\\/pt-pt\\\/#\\\/schema\\\/logo\\\/image\\\/\",\"url\":\"https:\\\/\\\/territoriolab.org\\\/wp-content\\\/uploads\\\/2019\\\/10\\\/logo.png\",\"contentUrl\":\"https:\\\/\\\/territoriolab.org\\\/wp-content\\\/uploads\\\/2019\\\/10\\\/logo.png\",\"width\":300,\"height\":82,\"caption\":\"Territorios en Conflicto\"},\"image\":{\"@id\":\"https:\\\/\\\/territoriolab.org\\\/eu\\\/pt-pt\\\/#\\\/schema\\\/logo\\\/image\\\/\"}}]}<\/script>\n<!-- \/ Yoast SEO plugin. -->","yoast_head_json":{"title":"Territorios en Conflicto. Gernika Gogoratuz y Gernikatik Mundura","description":"Acompa\u00f1amiento de procesos y consolidaci\u00f3n de narrativas sobre sostenibilidad de la vida en Cabo Delgado - Mozambique, Cajamarca - Colombia y Urdaibai - Pa\u00eds Vasco.","robots":{"index":"index","follow":"follow","max-snippet":"max-snippet:-1","max-image-preview":"max-image-preview:large","max-video-preview":"max-video-preview:-1"},"canonical":"https:\/\/territoriolab.org\/eu\/maputo-mozambique\/","og_locale":"en_US","og_type":"article","og_title":"Territorios en Conflicto. Gernika Gogoratuz y Gernikatik Mundura","og_description":"Acompa\u00f1amiento de procesos y consolidaci\u00f3n de narrativas sobre sostenibilidad de la vida en Cabo Delgado - Mozambique, Cajamarca - Colombia y Urdaibai - Pa\u00eds Vasco.","og_url":"https:\/\/territoriolab.org\/eu\/maputo-mozambique\/","og_site_name":"Territorios para la vida","article_modified_time":"2025-11-12T09:56:40+00:00","og_image":[{"width":1920,"height":670,"url":"https:\/\/territoriolab.org\/wp-content\/uploads\/2024\/02\/gereizpetatik-11-izpi.jpg","type":"image\/jpeg"}],"twitter_card":"summary_large_image","twitter_misc":{"Est. reading time":"2 minutua"},"schema":{"@context":"https:\/\/schema.org","@graph":[{"@type":"WebPage","@id":"https:\/\/territoriolab.org\/eu\/maputo-mozambique\/","url":"https:\/\/territoriolab.org\/eu\/maputo-mozambique\/","name":"Territorios en Conflicto. Gernika Gogoratuz y Gernikatik Mundura","isPartOf":{"@id":"https:\/\/territoriolab.org\/eu\/pt-pt\/#website"},"datePublished":"2021-02-24T09:30:51+00:00","dateModified":"2025-11-12T09:56:40+00:00","description":"Acompa\u00f1amiento de procesos y consolidaci\u00f3n de narrativas sobre sostenibilidad de la vida en Cabo Delgado - Mozambique, Cajamarca - Colombia y Urdaibai - Pa\u00eds Vasco.","breadcrumb":{"@id":"https:\/\/territoriolab.org\/eu\/maputo-mozambique\/#breadcrumb"},"inLanguage":"eu","potentialAction":[{"@type":"ReadAction","target":["https:\/\/territoriolab.org\/eu\/maputo-mozambique\/"]}]},{"@type":"BreadcrumbList","@id":"https:\/\/territoriolab.org\/eu\/maputo-mozambique\/#breadcrumb","itemListElement":[{"@type":"ListItem","position":1,"name":"Portada","item":"https:\/\/territoriolab.org\/eu\/"},{"@type":"ListItem","position":2,"name":"Maputo Mozambique"}]},{"@type":"WebSite","@id":"https:\/\/territoriolab.org\/eu\/pt-pt\/#website","url":"https:\/\/territoriolab.org\/eu\/pt-pt\/","name":"Territorios para la vida","description":"Investigaci\u00f3n y formaci\u00f3n de alternativas de vida","publisher":{"@id":"https:\/\/territoriolab.org\/eu\/pt-pt\/#organization"},"potentialAction":[{"@type":"SearchAction","target":{"@type":"EntryPoint","urlTemplate":"https:\/\/territoriolab.org\/eu\/pt-pt\/?s={search_term_string}"},"query-input":{"@type":"PropertyValueSpecification","valueRequired":true,"valueName":"search_term_string"}}],"inLanguage":"eu"},{"@type":"Organization","@id":"https:\/\/territoriolab.org\/eu\/pt-pt\/#organization","name":"Territorios en Conflicto","url":"https:\/\/territoriolab.org\/eu\/pt-pt\/","logo":{"@type":"ImageObject","inLanguage":"eu","@id":"https:\/\/territoriolab.org\/eu\/pt-pt\/#\/schema\/logo\/image\/","url":"https:\/\/territoriolab.org\/wp-content\/uploads\/2019\/10\/logo.png","contentUrl":"https:\/\/territoriolab.org\/wp-content\/uploads\/2019\/10\/logo.png","width":300,"height":82,"caption":"Territorios en Conflicto"},"image":{"@id":"https:\/\/territoriolab.org\/eu\/pt-pt\/#\/schema\/logo\/image\/"}}]}},"_links":{"self":[{"href":"https:\/\/territoriolab.org\/eu\/wp-json\/wp\/v2\/pages\/20525","targetHints":{"allow":["GET"]}}],"collection":[{"href":"https:\/\/territoriolab.org\/eu\/wp-json\/wp\/v2\/pages"}],"about":[{"href":"https:\/\/territoriolab.org\/eu\/wp-json\/wp\/v2\/types\/page"}],"author":[{"embeddable":true,"href":"https:\/\/territoriolab.org\/eu\/wp-json\/wp\/v2\/users\/2"}],"replies":[{"embeddable":true,"href":"https:\/\/territoriolab.org\/eu\/wp-json\/wp\/v2\/comments?post=20525"}],"version-history":[{"count":0,"href":"https:\/\/territoriolab.org\/eu\/wp-json\/wp\/v2\/pages\/20525\/revisions"}],"wp:attachment":[{"href":"https:\/\/territoriolab.org\/eu\/wp-json\/wp\/v2\/media?parent=20525"}],"curies":[{"name":"wp","href":"https:\/\/api.w.org\/{rel}","templated":true}]}}