{"id":20560,"date":"2021-02-24T11:10:12","date_gmt":"2021-02-24T10:10:12","guid":{"rendered":"https:\/\/territoriolab.org\/?page_id=20560"},"modified":"2025-11-12T10:55:38","modified_gmt":"2025-11-12T09:55:38","slug":"caqueta-colombia","status":"publish","type":"page","link":"https:\/\/territoriolab.org\/eu\/caqueta-colombia\/","title":{"rendered":"Caquet\u00e1 Kolonbia"},"content":{"rendered":"<div class=\"wpb-content-wrapper\"><p>[vc_row content_width=&#8221;grid&#8221; content_aligment=&#8221;center&#8221; css=&#8221;.vc_custom_1613493687574{margin-top: -30px !important;background-image: url(https:\/\/territoriolab.org\/wp-content\/uploads\/2021\/02\/caqueta-territorios-en-conflicto-portada-scaled.jpg?id=20971) !important;background-position: center !important;background-repeat: no-repeat !important;background-size: cover !important;}&#8221; el_class=&#8221;hero hero_territorio&#8221;][vc_column][vc_column_text]<\/p>\n<p class=\"color_blanco\">LURRALDEAK<\/p>\n<p>[\/vc_column_text][vc_column_text]<\/p>\n<h1 class=\"color_blanco\">Caquet\u00e1<br \/>\nKolonbia<\/h1>\n<p>[\/vc_column_text][\/vc_column][\/vc_row][vc_row anchor=&#8221;sensor&#8221; el_id=&#8221;sensor&#8221; css=&#8221;.vc_custom_1571998069710{margin: 0px !important;padding: 0px !important;border: 0px initial !important;}&#8221;][vc_column][\/vc_column][\/vc_row][vc_row content_width=&#8221;grid&#8221; anchor=&#8221;menu_anclas&#8221; el_class=&#8221;anclas_territorio&#8221; el_id=&#8221;menu_anclas&#8221;][vc_column][vc_widget_sidebar sidebar_id=&#8221;territorios-anchors&#8221;][\/vc_column][\/vc_row][vc_row content_width=&#8221;grid&#8221; css=&#8221;.vc_custom_1574759545089{padding-top: 60px !important;padding-bottom: 60px !important;background-position: 0 0 !important;background-repeat: no-repeat !important;}&#8221; el_class=&#8221;seccion_con_titulo ancla_territorio&#8221; el_id=&#8221;resumen&#8221;][vc_column][vc_column_text el_class=&#8221;titulo_seccion&#8221;]<\/p>\n<h2 class=\"color_principal\">Laburpena<\/h2>\n<p>[\/vc_column_text][vc_row_inner css=&#8221;.vc_custom_1574759483906{padding-top: 30px !important;}&#8221;][vc_column_inner width=&#8221;1\/2&#8243;][vc_column_text]El Doncello izeneko udalerria ekialdeko mendilerroaren ondoan dago, Caquet\u00e1-ren (Kolonbiako Amazonia osatzen duten sei departamenduetako bat) iparraldean. Hango klima heze tropikala dela-eta, esan daiteke gure planetako ur-fabrikarik garrantzitsuenetako batean dagoela, bioaniztasun handiko lurralde batean. El Doncello da Kolonbian kautxu gehien ekoizten duen udalerria.[\/vc_column_text][vc_single_image image=&#8221;20556&#8243; img_size=&#8221;large&#8221; alignment=&#8221;center&#8221; css_animation=&#8221;fadeInLeft&#8221;][\/vc_column_inner][vc_column_inner width=&#8221;1\/2&#8243;][vc_column_text]Bertan egokitu diren biztanleak herrialdearen barnealdetik etorritako nekazari migratzaileak dira, batez ere Tolima eta Huila eskualdeetatik etorritakoak, beren gizarte-arazoei irtenbidea bilatu nahian. Aizkoraz eta aihotzaz zabaldu zituzten \u201ctrotxak\u201d edo bidezidorrak, Amazoniako oihan eta mendi muinoetako baso birjinetara iritsi arte; han, komunitate indigenak bizi ziren \u2013kolonizazio prozesuen biktimak\u2013, baina pixkanaka-pixkanaka lekuz aldarazi zituzten.<\/p>\n<p>El Doncello hazi egin zen Estatuak zuzendutako kolonizazio-planen laguntzaz, politika hori bultzatu baitzen Kolonbian, 50eko hamarkadan bi alderdik elkarren aurka zerabilten indarkeriari aurre egitearren, herrialdearen erdigunera \u201cbakea eramateko\u201d itxaropenarekin. Prozesu horren eraginez hedatu ziren nekazaritza-laboreak, eta ondoren abeltzaintza estentsiboa finkatu zen. Ondoren, 70eko hamarkadan, koka-laborearen kolonizazioaren ondorioz, berriro ere oihan-eremu handiak soildu ziren.<\/p>\n<p>Caquet\u00e1ko eraikuntza soziala zenbait faktoreri zor zaio; besteak beste: familia ugarik aukera berriak bilatu izana zenbait ekonomiatan; indarkeria historikoaren ondorioz jendeak bortxaz lekualdatu behar izana; politika estatalaren ondorioz nekazariak pobretzea aprobetxatuz, latifundistek nekazari horiei lurrak kentzea; gerrillentzat leku geoestrategikoa izatea, esaterako M-19 eta FARC-EP taldeentzat; estatuaren politika militaristak; eta paramilitarren presentzia.<\/p>\n<p>Testuinguru horretan, indartsuak dira lurralde horretan erresistentziarako gizarte-mugimenduak; askotan, gerrillak laguntzen diela egotzi izan zaie, eta horrek baldintzatu egiten du haien ekintza-gaitasuna. Hala ere, estigmatizazio hori alde batera utzita, beren ekintzen bitartez aurre egiten diete ondasunak erauzteko jarduerei, hidroelektrikoen proiektu erraldoiei eta oihanak soiltzeko ekimenei.[\/vc_column_text][vc_empty_space][\/vc_column_inner][\/vc_row_inner][vc_column_text]Proiektu honen esparruan, El Doncelloko erresistentzia baketsuaren prozesuak ezagutu eta babestuko ditugu; hain zuzen ere, ura, oihana, Amazoniako bioaniztasuna eta emakumeen eskubideak babesteko ekimenak direnak.[\/vc_column_text][\/vc_column][\/vc_row][vc_row content_aligment=&#8221;center&#8221; css=&#8221;.vc_custom_1628837841560{background-image: url(https:\/\/territoriolab.org\/wp-content\/uploads\/2021\/08\/Avance-1-trailer-1.jpg?id=23318) !important;background-position: center !important;background-repeat: no-repeat !important;background-size: cover !important;}&#8221; el_class=&#8221;fila_video ancla_territorio&#8221; el_id=&#8221;documental&#8221;][vc_column][vc_single_image image=&#8221;21320&#8243; img_size=&#8221;large&#8221; alignment=&#8221;center&#8221; onclick=&#8221;custom_link&#8221; img_link_target=&#8221;_blank&#8221; link=&#8221;https:\/\/youtu.be\/VyiGCuMd_VA&#8221;][\/vc_column][\/vc_row][vc_row el_id=&#8221;fotos&#8221; el_class=&#8221;ancla_territorio&#8221;][vc_column]<div class=\"edgtf-image-gallery\">\n\t<div class=\"edgtf-image-gallery-grid edgtf-gallery-columns-3  edgtf-overlay\" >\n\t\t\t\t\t<div class=\"edgtf-gallery-image\">\n\t\t\t\t\t\t\t\t<a itemprop=\"url\" href=\"https:\/\/territoriolab.org\/wp-content\/uploads\/2021\/02\/el-doncello-territorios1.jpg\" data-rel=\"prettyPhoto[single_pretty_photo]\" title=\"el-doncello-territorios1\">\n\t\t\t\t\t\t\t\t\t\t\t\t\t\t\t\t<img loading=\"lazy\" decoding=\"async\" width=\"1024\" height=\"576\" src=\"https:\/\/territoriolab.org\/wp-content\/uploads\/2021\/02\/el-doncello-territorios1-1024x576.jpg\" class=\"attachment-large size-large\" alt=\"\" srcset=\"https:\/\/territoriolab.org\/wp-content\/uploads\/2021\/02\/el-doncello-territorios1-1024x576.jpg 1024w, https:\/\/territoriolab.org\/wp-content\/uploads\/2021\/02\/el-doncello-territorios1-300x169.jpg 300w, https:\/\/territoriolab.org\/wp-content\/uploads\/2021\/02\/el-doncello-territorios1-768x432.jpg 768w, https:\/\/territoriolab.org\/wp-content\/uploads\/2021\/02\/el-doncello-territorios1.jpg 1200w\" sizes=\"auto, (max-width: 1024px) 100vw, 1024px\" \/>\t\t\t\t\t\t\t\t\t\t\t\t\t\t<\/a>\n\t\t\t\t\t\t<\/div>\n\t\t\t\t\t<div class=\"edgtf-gallery-image\">\n\t\t\t\t\t\t\t\t<a itemprop=\"url\" href=\"https:\/\/territoriolab.org\/wp-content\/uploads\/2021\/02\/el-doncello-territorios8.jpg\" data-rel=\"prettyPhoto[single_pretty_photo]\" title=\"el-doncello-territorios8\">\n\t\t\t\t\t\t\t\t\t\t\t\t\t\t\t\t<img loading=\"lazy\" decoding=\"async\" width=\"1024\" height=\"576\" src=\"https:\/\/territoriolab.org\/wp-content\/uploads\/2021\/02\/el-doncello-territorios8-1024x576.jpg\" class=\"attachment-large size-large\" alt=\"\" srcset=\"https:\/\/territoriolab.org\/wp-content\/uploads\/2021\/02\/el-doncello-territorios8-1024x576.jpg 1024w, https:\/\/territoriolab.org\/wp-content\/uploads\/2021\/02\/el-doncello-territorios8-300x169.jpg 300w, https:\/\/territoriolab.org\/wp-content\/uploads\/2021\/02\/el-doncello-territorios8-768x432.jpg 768w, https:\/\/territoriolab.org\/wp-content\/uploads\/2021\/02\/el-doncello-territorios8.jpg 1200w\" sizes=\"auto, (max-width: 1024px) 100vw, 1024px\" \/>\t\t\t\t\t\t\t\t\t\t\t\t\t\t<\/a>\n\t\t\t\t\t\t<\/div>\n\t\t\t\t\t<div class=\"edgtf-gallery-image\">\n\t\t\t\t\t\t\t\t<a itemprop=\"url\" href=\"https:\/\/territoriolab.org\/wp-content\/uploads\/2021\/02\/el-doncello-territorios2.jpg\" data-rel=\"prettyPhoto[single_pretty_photo]\" title=\"el-doncello-territorios2\">\n\t\t\t\t\t\t\t\t\t\t\t\t\t\t\t\t<img loading=\"lazy\" decoding=\"async\" width=\"1024\" height=\"576\" src=\"https:\/\/territoriolab.org\/wp-content\/uploads\/2021\/02\/el-doncello-territorios2-1024x576.jpg\" class=\"attachment-large size-large\" alt=\"\" srcset=\"https:\/\/territoriolab.org\/wp-content\/uploads\/2021\/02\/el-doncello-territorios2-1024x576.jpg 1024w, https:\/\/territoriolab.org\/wp-content\/uploads\/2021\/02\/el-doncello-territorios2-300x169.jpg 300w, https:\/\/territoriolab.org\/wp-content\/uploads\/2021\/02\/el-doncello-territorios2-768x432.jpg 768w, https:\/\/territoriolab.org\/wp-content\/uploads\/2021\/02\/el-doncello-territorios2.jpg 1200w\" sizes=\"auto, (max-width: 1024px) 100vw, 1024px\" \/>\t\t\t\t\t\t\t\t\t\t\t\t\t\t<\/a>\n\t\t\t\t\t\t<\/div>\n\t\t\t\t\t<div class=\"edgtf-gallery-image\">\n\t\t\t\t\t\t\t\t<a itemprop=\"url\" href=\"https:\/\/territoriolab.org\/wp-content\/uploads\/2021\/02\/el-doncello-territorios3.jpg\" data-rel=\"prettyPhoto[single_pretty_photo]\" title=\"el-doncello-territorios3\">\n\t\t\t\t\t\t\t\t\t\t\t\t\t\t\t\t<img loading=\"lazy\" decoding=\"async\" width=\"1024\" height=\"576\" src=\"https:\/\/territoriolab.org\/wp-content\/uploads\/2021\/02\/el-doncello-territorios3-1024x576.jpg\" class=\"attachment-large size-large\" alt=\"\" srcset=\"https:\/\/territoriolab.org\/wp-content\/uploads\/2021\/02\/el-doncello-territorios3-1024x576.jpg 1024w, https:\/\/territoriolab.org\/wp-content\/uploads\/2021\/02\/el-doncello-territorios3-300x169.jpg 300w, https:\/\/territoriolab.org\/wp-content\/uploads\/2021\/02\/el-doncello-territorios3-768x432.jpg 768w, https:\/\/territoriolab.org\/wp-content\/uploads\/2021\/02\/el-doncello-territorios3.jpg 1200w\" sizes=\"auto, (max-width: 1024px) 100vw, 1024px\" \/>\t\t\t\t\t\t\t\t\t\t\t\t\t\t<\/a>\n\t\t\t\t\t\t<\/div>\n\t\t\t\t\t<div class=\"edgtf-gallery-image\">\n\t\t\t\t\t\t\t\t<a itemprop=\"url\" href=\"https:\/\/territoriolab.org\/wp-content\/uploads\/2021\/02\/el-doncello-territorios4.jpg\" data-rel=\"prettyPhoto[single_pretty_photo]\" title=\"el-doncello-territorios4\">\n\t\t\t\t\t\t\t\t\t\t\t\t\t\t\t\t<img loading=\"lazy\" decoding=\"async\" width=\"1024\" height=\"576\" src=\"https:\/\/territoriolab.org\/wp-content\/uploads\/2021\/02\/el-doncello-territorios4-1024x576.jpg\" class=\"attachment-large size-large\" alt=\"\" srcset=\"https:\/\/territoriolab.org\/wp-content\/uploads\/2021\/02\/el-doncello-territorios4-1024x576.jpg 1024w, https:\/\/territoriolab.org\/wp-content\/uploads\/2021\/02\/el-doncello-territorios4-300x169.jpg 300w, https:\/\/territoriolab.org\/wp-content\/uploads\/2021\/02\/el-doncello-territorios4-768x432.jpg 768w, https:\/\/territoriolab.org\/wp-content\/uploads\/2021\/02\/el-doncello-territorios4.jpg 1200w\" sizes=\"auto, (max-width: 1024px) 100vw, 1024px\" \/>\t\t\t\t\t\t\t\t\t\t\t\t\t\t<\/a>\n\t\t\t\t\t\t<\/div>\n\t\t\t\t\t<div class=\"edgtf-gallery-image\">\n\t\t\t\t\t\t\t\t<a itemprop=\"url\" href=\"https:\/\/territoriolab.org\/wp-content\/uploads\/2021\/02\/el-doncello-territorios5.jpg\" data-rel=\"prettyPhoto[single_pretty_photo]\" title=\"el-doncello-territorios5\">\n\t\t\t\t\t\t\t\t\t\t\t\t\t\t\t\t<img loading=\"lazy\" decoding=\"async\" width=\"1024\" height=\"576\" src=\"https:\/\/territoriolab.org\/wp-content\/uploads\/2021\/02\/el-doncello-territorios5-1024x576.jpg\" class=\"attachment-large size-large\" alt=\"\" srcset=\"https:\/\/territoriolab.org\/wp-content\/uploads\/2021\/02\/el-doncello-territorios5-1024x576.jpg 1024w, https:\/\/territoriolab.org\/wp-content\/uploads\/2021\/02\/el-doncello-territorios5-300x169.jpg 300w, https:\/\/territoriolab.org\/wp-content\/uploads\/2021\/02\/el-doncello-territorios5-768x432.jpg 768w, https:\/\/territoriolab.org\/wp-content\/uploads\/2021\/02\/el-doncello-territorios5.jpg 1200w\" sizes=\"auto, (max-width: 1024px) 100vw, 1024px\" \/>\t\t\t\t\t\t\t\t\t\t\t\t\t\t<\/a>\n\t\t\t\t\t\t<\/div>\n\t\t\t\t\t<div class=\"edgtf-gallery-image\">\n\t\t\t\t\t\t\t\t<a itemprop=\"url\" href=\"https:\/\/territoriolab.org\/wp-content\/uploads\/2021\/02\/el-doncello-territorios7.jpg\" data-rel=\"prettyPhoto[single_pretty_photo]\" title=\"el-doncello-territorios7\">\n\t\t\t\t\t\t\t\t\t\t\t\t\t\t\t\t<img loading=\"lazy\" decoding=\"async\" width=\"1024\" height=\"576\" src=\"https:\/\/territoriolab.org\/wp-content\/uploads\/2021\/02\/el-doncello-territorios7-1024x576.jpg\" class=\"attachment-large size-large\" alt=\"\" srcset=\"https:\/\/territoriolab.org\/wp-content\/uploads\/2021\/02\/el-doncello-territorios7-1024x576.jpg 1024w, https:\/\/territoriolab.org\/wp-content\/uploads\/2021\/02\/el-doncello-territorios7-300x169.jpg 300w, https:\/\/territoriolab.org\/wp-content\/uploads\/2021\/02\/el-doncello-territorios7-768x432.jpg 768w, https:\/\/territoriolab.org\/wp-content\/uploads\/2021\/02\/el-doncello-territorios7.jpg 1200w\" sizes=\"auto, (max-width: 1024px) 100vw, 1024px\" \/>\t\t\t\t\t\t\t\t\t\t\t\t\t\t<\/a>\n\t\t\t\t\t\t<\/div>\n\t\t\t\t\t<div class=\"edgtf-gallery-image\">\n\t\t\t\t\t\t\t\t<a itemprop=\"url\" href=\"https:\/\/territoriolab.org\/wp-content\/uploads\/2021\/02\/el-doncello-territorios6.jpg\" data-rel=\"prettyPhoto[single_pretty_photo]\" title=\"el-doncello-territorios6\">\n\t\t\t\t\t\t\t\t\t\t\t\t\t\t\t\t<img loading=\"lazy\" decoding=\"async\" width=\"1024\" height=\"576\" src=\"https:\/\/territoriolab.org\/wp-content\/uploads\/2021\/02\/el-doncello-territorios6-1024x576.jpg\" class=\"attachment-large size-large\" alt=\"\" srcset=\"https:\/\/territoriolab.org\/wp-content\/uploads\/2021\/02\/el-doncello-territorios6-1024x576.jpg 1024w, https:\/\/territoriolab.org\/wp-content\/uploads\/2021\/02\/el-doncello-territorios6-300x169.jpg 300w, https:\/\/territoriolab.org\/wp-content\/uploads\/2021\/02\/el-doncello-territorios6-768x432.jpg 768w, https:\/\/territoriolab.org\/wp-content\/uploads\/2021\/02\/el-doncello-territorios6.jpg 1200w\" sizes=\"auto, (max-width: 1024px) 100vw, 1024px\" \/>\t\t\t\t\t\t\t\t\t\t\t\t\t\t<\/a>\n\t\t\t\t\t\t<\/div>\n\t\t\t\t\t<div class=\"edgtf-gallery-image\">\n\t\t\t\t\t\t\t\t<a itemprop=\"url\" href=\"https:\/\/territoriolab.org\/wp-content\/uploads\/2021\/02\/el-doncello-territorios9.jpg\" data-rel=\"prettyPhoto[single_pretty_photo]\" title=\"el-doncello-territorios9\">\n\t\t\t\t\t\t\t\t\t\t\t\t\t\t\t\t<img loading=\"lazy\" decoding=\"async\" width=\"1024\" height=\"576\" src=\"https:\/\/territoriolab.org\/wp-content\/uploads\/2021\/02\/el-doncello-territorios9-1024x576.jpg\" class=\"attachment-large size-large\" alt=\"\" srcset=\"https:\/\/territoriolab.org\/wp-content\/uploads\/2021\/02\/el-doncello-territorios9-1024x576.jpg 1024w, https:\/\/territoriolab.org\/wp-content\/uploads\/2021\/02\/el-doncello-territorios9-300x169.jpg 300w, https:\/\/territoriolab.org\/wp-content\/uploads\/2021\/02\/el-doncello-territorios9-768x432.jpg 768w, https:\/\/territoriolab.org\/wp-content\/uploads\/2021\/02\/el-doncello-territorios9.jpg 1200w\" sizes=\"auto, (max-width: 1024px) 100vw, 1024px\" \/>\t\t\t\t\t\t\t\t\t\t\t\t\t\t<\/a>\n\t\t\t\t\t\t<\/div>\n\t\t\t<\/div>\n<\/div>[\/vc_column][\/vc_row]<\/p>\n<\/div>","protected":false},"excerpt":{"rendered":"<p>[vc_row content_width=&#8221;grid&#8221; content_aligment=&#8221;center&#8221; css=&#8221;.vc_custom_1613493687574{margin-top: -30px !important;background-image: url(https:\/\/territoriolab.org\/wp-content\/uploads\/2021\/02\/caqueta-territorios-en-conflicto-portada-scaled.jpg?id=20971) !important;background-position: center !important;background-repeat: no-repeat !important;background-size: cover !important;}&#8221; el_class=&#8221;hero hero_territorio&#8221;][vc_column][vc_column_text] LURRALDEAK [\/vc_column_text][vc_column_text] Caquet\u00e1 Kolonbia [\/vc_column_text][\/vc_column][\/vc_row][vc_row anchor=&#8221;sensor&#8221; el_id=&#8221;sensor&#8221; css=&#8221;.vc_custom_1571998069710{margin: 0px !important;padding: 0px !important;border: 0px initial !important;}&#8221;][vc_column][\/vc_column][\/vc_row][vc_row content_width=&#8221;grid&#8221; anchor=&#8221;menu_anclas&#8221; el_class=&#8221;anclas_territorio&#8221; el_id=&#8221;menu_anclas&#8221;][vc_column][vc_widget_sidebar sidebar_id=&#8221;territorios-anchors&#8221;][\/vc_column][\/vc_row][vc_row content_width=&#8221;grid&#8221; css=&#8221;.vc_custom_1574759545089{padding-top: 60px !important;padding-bottom: 60px !important;background-position: 0 0 !important;background-repeat: no-repeat !important;}&#8221; el_class=&#8221;seccion_con_titulo ancla_territorio&#8221; el_id=&#8221;resumen&#8221;][vc_column][vc_column_text el_class=&#8221;titulo_seccion&#8221;] Laburpena [\/vc_column_text][vc_row_inner css=&#8221;.vc_custom_1574759483906{padding-top: 30px&#8230;<\/p>\n","protected":false},"author":2,"featured_media":0,"parent":0,"menu_order":0,"comment_status":"closed","ping_status":"closed","template":"full-width.php","meta":{"_acf_changed":false,"footnotes":""},"class_list":["post-20560","page","type-page","status-publish","hentry"],"acf":[],"yoast_head":"<!-- This site is optimized with the Yoast SEO plugin v27.4 - https:\/\/yoast.com\/product\/yoast-seo-wordpress\/ -->\n<title>Territorios en Conflicto. Gernika Gogoratuz y Gernikatik Mundura<\/title>\n<meta name=\"description\" content=\"Acompa\u00f1amiento de procesos y consolidaci\u00f3n de narrativas sobre sostenibilidad de la vida en Cabo Delgado - Mozambique, Cajamarca - Colombia y Urdaibai - Pa\u00eds Vasco.\" \/>\n<meta name=\"robots\" content=\"index, follow, max-snippet:-1, max-image-preview:large, max-video-preview:-1\" \/>\n<link rel=\"canonical\" href=\"https:\/\/territoriolab.org\/eu\/caqueta-colombia\/\" \/>\n<meta property=\"og:locale\" content=\"en_US\" \/>\n<meta property=\"og:type\" content=\"article\" \/>\n<meta property=\"og:title\" content=\"Territorios en Conflicto. Gernika Gogoratuz y Gernikatik Mundura\" \/>\n<meta property=\"og:description\" content=\"Acompa\u00f1amiento de procesos y consolidaci\u00f3n de narrativas sobre sostenibilidad de la vida en Cabo Delgado - Mozambique, Cajamarca - Colombia y Urdaibai - Pa\u00eds Vasco.\" \/>\n<meta property=\"og:url\" content=\"https:\/\/territoriolab.org\/eu\/caqueta-colombia\/\" \/>\n<meta property=\"og:site_name\" content=\"Territorios para la vida\" \/>\n<meta property=\"article:modified_time\" content=\"2025-11-12T09:55:38+00:00\" \/>\n<meta property=\"og:image\" content=\"https:\/\/territoriolab.org\/wp-content\/uploads\/2024\/02\/gereizpetatik-11-izpi.jpg\" \/>\n\t<meta property=\"og:image:width\" content=\"1920\" \/>\n\t<meta property=\"og:image:height\" content=\"670\" \/>\n\t<meta property=\"og:image:type\" content=\"image\/jpeg\" \/>\n<meta name=\"twitter:card\" content=\"summary_large_image\" \/>\n<meta name=\"twitter:label1\" content=\"Est. reading time\" \/>\n\t<meta name=\"twitter:data1\" content=\"2 minutua\" \/>\n<script type=\"application\/ld+json\" class=\"yoast-schema-graph\">{\"@context\":\"https:\\\/\\\/schema.org\",\"@graph\":[{\"@type\":\"WebPage\",\"@id\":\"https:\\\/\\\/territoriolab.org\\\/eu\\\/caqueta-colombia\\\/\",\"url\":\"https:\\\/\\\/territoriolab.org\\\/eu\\\/caqueta-colombia\\\/\",\"name\":\"Territorios en Conflicto. Gernika Gogoratuz y Gernikatik Mundura\",\"isPartOf\":{\"@id\":\"https:\\\/\\\/territoriolab.org\\\/eu\\\/pt-pt\\\/#website\"},\"datePublished\":\"2021-02-24T10:10:12+00:00\",\"dateModified\":\"2025-11-12T09:55:38+00:00\",\"description\":\"Acompa\u00f1amiento de procesos y consolidaci\u00f3n de narrativas sobre sostenibilidad de la vida en Cabo Delgado - Mozambique, Cajamarca - Colombia y Urdaibai - Pa\u00eds Vasco.\",\"breadcrumb\":{\"@id\":\"https:\\\/\\\/territoriolab.org\\\/eu\\\/caqueta-colombia\\\/#breadcrumb\"},\"inLanguage\":\"eu\",\"potentialAction\":[{\"@type\":\"ReadAction\",\"target\":[\"https:\\\/\\\/territoriolab.org\\\/eu\\\/caqueta-colombia\\\/\"]}]},{\"@type\":\"BreadcrumbList\",\"@id\":\"https:\\\/\\\/territoriolab.org\\\/eu\\\/caqueta-colombia\\\/#breadcrumb\",\"itemListElement\":[{\"@type\":\"ListItem\",\"position\":1,\"name\":\"Portada\",\"item\":\"https:\\\/\\\/territoriolab.org\\\/eu\\\/\"},{\"@type\":\"ListItem\",\"position\":2,\"name\":\"Caquet\u00e1 Kolonbia\"}]},{\"@type\":\"WebSite\",\"@id\":\"https:\\\/\\\/territoriolab.org\\\/eu\\\/pt-pt\\\/#website\",\"url\":\"https:\\\/\\\/territoriolab.org\\\/eu\\\/pt-pt\\\/\",\"name\":\"Territorios para la vida\",\"description\":\"Investigaci\u00f3n y formaci\u00f3n de alternativas de vida\",\"publisher\":{\"@id\":\"https:\\\/\\\/territoriolab.org\\\/eu\\\/pt-pt\\\/#organization\"},\"potentialAction\":[{\"@type\":\"SearchAction\",\"target\":{\"@type\":\"EntryPoint\",\"urlTemplate\":\"https:\\\/\\\/territoriolab.org\\\/eu\\\/pt-pt\\\/?s={search_term_string}\"},\"query-input\":{\"@type\":\"PropertyValueSpecification\",\"valueRequired\":true,\"valueName\":\"search_term_string\"}}],\"inLanguage\":\"eu\"},{\"@type\":\"Organization\",\"@id\":\"https:\\\/\\\/territoriolab.org\\\/eu\\\/pt-pt\\\/#organization\",\"name\":\"Territorios en Conflicto\",\"url\":\"https:\\\/\\\/territoriolab.org\\\/eu\\\/pt-pt\\\/\",\"logo\":{\"@type\":\"ImageObject\",\"inLanguage\":\"eu\",\"@id\":\"https:\\\/\\\/territoriolab.org\\\/eu\\\/pt-pt\\\/#\\\/schema\\\/logo\\\/image\\\/\",\"url\":\"https:\\\/\\\/territoriolab.org\\\/wp-content\\\/uploads\\\/2019\\\/10\\\/logo.png\",\"contentUrl\":\"https:\\\/\\\/territoriolab.org\\\/wp-content\\\/uploads\\\/2019\\\/10\\\/logo.png\",\"width\":300,\"height\":82,\"caption\":\"Territorios en Conflicto\"},\"image\":{\"@id\":\"https:\\\/\\\/territoriolab.org\\\/eu\\\/pt-pt\\\/#\\\/schema\\\/logo\\\/image\\\/\"}}]}<\/script>\n<!-- \/ Yoast SEO plugin. -->","yoast_head_json":{"title":"Territorios en Conflicto. Gernika Gogoratuz y Gernikatik Mundura","description":"Acompa\u00f1amiento de procesos y consolidaci\u00f3n de narrativas sobre sostenibilidad de la vida en Cabo Delgado - Mozambique, Cajamarca - Colombia y Urdaibai - Pa\u00eds Vasco.","robots":{"index":"index","follow":"follow","max-snippet":"max-snippet:-1","max-image-preview":"max-image-preview:large","max-video-preview":"max-video-preview:-1"},"canonical":"https:\/\/territoriolab.org\/eu\/caqueta-colombia\/","og_locale":"en_US","og_type":"article","og_title":"Territorios en Conflicto. Gernika Gogoratuz y Gernikatik Mundura","og_description":"Acompa\u00f1amiento de procesos y consolidaci\u00f3n de narrativas sobre sostenibilidad de la vida en Cabo Delgado - Mozambique, Cajamarca - Colombia y Urdaibai - Pa\u00eds Vasco.","og_url":"https:\/\/territoriolab.org\/eu\/caqueta-colombia\/","og_site_name":"Territorios para la vida","article_modified_time":"2025-11-12T09:55:38+00:00","og_image":[{"width":1920,"height":670,"url":"https:\/\/territoriolab.org\/wp-content\/uploads\/2024\/02\/gereizpetatik-11-izpi.jpg","type":"image\/jpeg"}],"twitter_card":"summary_large_image","twitter_misc":{"Est. reading time":"2 minutua"},"schema":{"@context":"https:\/\/schema.org","@graph":[{"@type":"WebPage","@id":"https:\/\/territoriolab.org\/eu\/caqueta-colombia\/","url":"https:\/\/territoriolab.org\/eu\/caqueta-colombia\/","name":"Territorios en Conflicto. Gernika Gogoratuz y Gernikatik Mundura","isPartOf":{"@id":"https:\/\/territoriolab.org\/eu\/pt-pt\/#website"},"datePublished":"2021-02-24T10:10:12+00:00","dateModified":"2025-11-12T09:55:38+00:00","description":"Acompa\u00f1amiento de procesos y consolidaci\u00f3n de narrativas sobre sostenibilidad de la vida en Cabo Delgado - Mozambique, Cajamarca - Colombia y Urdaibai - Pa\u00eds Vasco.","breadcrumb":{"@id":"https:\/\/territoriolab.org\/eu\/caqueta-colombia\/#breadcrumb"},"inLanguage":"eu","potentialAction":[{"@type":"ReadAction","target":["https:\/\/territoriolab.org\/eu\/caqueta-colombia\/"]}]},{"@type":"BreadcrumbList","@id":"https:\/\/territoriolab.org\/eu\/caqueta-colombia\/#breadcrumb","itemListElement":[{"@type":"ListItem","position":1,"name":"Portada","item":"https:\/\/territoriolab.org\/eu\/"},{"@type":"ListItem","position":2,"name":"Caquet\u00e1 Kolonbia"}]},{"@type":"WebSite","@id":"https:\/\/territoriolab.org\/eu\/pt-pt\/#website","url":"https:\/\/territoriolab.org\/eu\/pt-pt\/","name":"Territorios para la vida","description":"Investigaci\u00f3n y formaci\u00f3n de alternativas de vida","publisher":{"@id":"https:\/\/territoriolab.org\/eu\/pt-pt\/#organization"},"potentialAction":[{"@type":"SearchAction","target":{"@type":"EntryPoint","urlTemplate":"https:\/\/territoriolab.org\/eu\/pt-pt\/?s={search_term_string}"},"query-input":{"@type":"PropertyValueSpecification","valueRequired":true,"valueName":"search_term_string"}}],"inLanguage":"eu"},{"@type":"Organization","@id":"https:\/\/territoriolab.org\/eu\/pt-pt\/#organization","name":"Territorios en Conflicto","url":"https:\/\/territoriolab.org\/eu\/pt-pt\/","logo":{"@type":"ImageObject","inLanguage":"eu","@id":"https:\/\/territoriolab.org\/eu\/pt-pt\/#\/schema\/logo\/image\/","url":"https:\/\/territoriolab.org\/wp-content\/uploads\/2019\/10\/logo.png","contentUrl":"https:\/\/territoriolab.org\/wp-content\/uploads\/2019\/10\/logo.png","width":300,"height":82,"caption":"Territorios en Conflicto"},"image":{"@id":"https:\/\/territoriolab.org\/eu\/pt-pt\/#\/schema\/logo\/image\/"}}]}},"_links":{"self":[{"href":"https:\/\/territoriolab.org\/eu\/wp-json\/wp\/v2\/pages\/20560","targetHints":{"allow":["GET"]}}],"collection":[{"href":"https:\/\/territoriolab.org\/eu\/wp-json\/wp\/v2\/pages"}],"about":[{"href":"https:\/\/territoriolab.org\/eu\/wp-json\/wp\/v2\/types\/page"}],"author":[{"embeddable":true,"href":"https:\/\/territoriolab.org\/eu\/wp-json\/wp\/v2\/users\/2"}],"replies":[{"embeddable":true,"href":"https:\/\/territoriolab.org\/eu\/wp-json\/wp\/v2\/comments?post=20560"}],"version-history":[{"count":0,"href":"https:\/\/territoriolab.org\/eu\/wp-json\/wp\/v2\/pages\/20560\/revisions"}],"wp:attachment":[{"href":"https:\/\/territoriolab.org\/eu\/wp-json\/wp\/v2\/media?parent=20560"}],"curies":[{"name":"wp","href":"https:\/\/api.w.org\/{rel}","templated":true}]}}