{"id":22637,"date":"2021-06-18T11:51:08","date_gmt":"2021-06-18T09:51:08","guid":{"rendered":"https:\/\/territoriolab.org\/?page_id=22637"},"modified":"2021-11-17T11:06:39","modified_gmt":"2021-11-17T10:06:39","slug":"ingurumen-pentsamenduan-diplomaduna","status":"publish","type":"page","link":"https:\/\/territoriolab.org\/eu\/ingurumen-pentsamenduan-diplomaduna\/","title":{"rendered":"Ingurumen-pentsamenduan Diplomaduna"},"content":{"rendered":"<div class=\"wpb-content-wrapper\"><p>[vc_row content_width=&#8221;grid&#8221; content_aligment=&#8221;center&#8221; css=&#8221;.vc_custom_1571920230285{margin-top: -30px !important;background: #20201f url(https:\/\/territoriolab.org\/wp-content\/uploads\/2019\/10\/ico_teritorios_claro.png?id=17593) !important;background-position: 0 0 !important;background-repeat: no-repeat !important;}&#8221; el_class=&#8221;hero hero_pag&#8221;][vc_column][vc_column_text]<\/p>\n<p class=\"color_blanco\">LURRALDEAK<\/p>\n<p>[\/vc_column_text][vc_column_text]<\/p>\n<h1 class=\"color_blanco\">Ingurumen-pentsamenduan Diplomaduna<\/h1>\n<p>[\/vc_column_text][vc_empty_space][\/vc_column][\/vc_row][vc_row content_width=&#8221;grid&#8221; css=&#8221;.vc_custom_1572940328939{padding-top: 30px !important;padding-bottom: 30px !important;background-color: #c7955d !important;background-position: center !important;background-repeat: no-repeat !important;background-size: cover !important;}&#8221; el_class=&#8221;contenido_centrado&#8221;][vc_column][\/vc_column][\/vc_row][vc_row content_width=&#8221;grid&#8221; css=&#8221;.vc_custom_1571926972568{padding-top: 60px !important;padding-bottom: 60px !important;background-color: #221d1f !important;}&#8221; el_id=&#8221;epistemologias&#8221;][vc_column width=&#8221;2\/12&#8243;][vc_single_image image=&#8221;22638&#8243; img_size=&#8221;large&#8221; alignment=&#8221;center&#8221; el_class=&#8221;icono_material&#8221;][\/vc_column][vc_column width=&#8221;10\/12&#8243;][vc_column_text]<\/p>\n<h2 class=\"color_principal texto_muynegrita h3-size\">Nazioarteko diplomaduna &#8220;Gizarte-borrokak, gatazkak eta lurraldeak: irakurketak Hegoalde Globaletik&#8221;<\/h2>\n<p>[\/vc_column_text][vc_empty_space][vc_column_text]<\/p>\n<p class=\"color_blanco\">\u00a0Tolimako Unibertsitateko \u201cC\u00e1tedra Gonzalo Palomino Ortiz\u201d Ingurumen Pentsamenduan Diplomatuaren V. edizioa ingurumenaren eta ingurumen-hezkuntzaren arloan lan egiten duten komunitate akademikoko eta, oro har, komunitateko pertsonentzat diseinatuta dago, ingurumen-prozesuetan parte hartzen dutenentzat edo prozesu horietan buru direnentzat edo ingurumenari dagokionez trebatzeko interesa dutenentzat.<\/p>\n<p class=\"color_blanco\">Diplomatuak Gatazka egoeran dauden Lurraldeak Proiektutik eratorritako elementuak ditu. Proiektu horrek Mozambiken (Afrika), Urdaibain (Euskal Herria, Espainia), Cajamarca eta El Doncello (Kolonbia) kapital-bizitza gatazkak aztertu ditu eta aztertzen jarraitzen du. Horiekin batera, Mexikon eta Guatemalan megamineriaren aurkako mugimenduak eta Brasil eta Indiako ingurumen-hezkuntzako prozesuak daude.<\/p>\n<p>[\/vc_column_text][vc_empty_space height=&#8221;60px&#8221;][\/vc_column][\/vc_row][vc_row content_width=&#8221;grid&#8221; css=&#8221;.vc_custom_1572940328939{padding-top: 30px !important;padding-bottom: 30px !important;background-color: #c7955d !important;background-position: center !important;background-repeat: no-repeat !important;background-size: cover !important;}&#8221; el_class=&#8221;contenido_centrado&#8221;][vc_column width=&#8221;1\/6&#8243;][\/vc_column][vc_column width=&#8221;1\/6&#8243;][\/vc_column][vc_column width=&#8221;1\/6&#8243;]<a itemprop=\"url\" href=\"https:\/\/territoriolab.org\/wp-content\/uploads\/2021\/06\/Diplomado-Internacional-En-Pensamiento-ambiental-version-V-25-05-2021.pdf\" target=\"_blank\" style=\"color: #ffffff;border-color: #ffffff;font-size: 16px;font-weight: 300;margin: 10px\" class=\"edgtf-btn edgtf-btn-large edgtf-btn-outline edgtf-btn-custom-hover-bg edgtf-btn-custom-border-hover edgtf-btn-custom-hover-color boton_ter\" data-hover-bg-color=\"#ffffff\" data-hover-color=\"#c7955d\" data-hover-border-color=\"#ffffff\" >\n\t<span class=\"edgtf-btn-text\">PROGRAMA<\/span>\n    <\/a>[\/vc_column][vc_column width=&#8221;1\/6&#8243;][\/vc_column][vc_column width=&#8221;1\/6&#8243;][\/vc_column][vc_column width=&#8221;1\/6&#8243;][\/vc_column][\/vc_row][vc_row content_width=&#8221;grid&#8221; css=&#8221;.vc_custom_1636996166048{padding-top: 60px !important;padding-bottom: 60px !important;background-color: #221d1f !important;}&#8221; el_id=&#8221;epistemologias&#8221;][vc_column width=&#8221;2\/12&#8243;][\/vc_column][vc_column width=&#8221;10\/12&#8243;][vc_column_text]<\/p>\n<h2 class=\"color_principal texto_muynegrita h3-size\"><span id=\"translation_box\" class=\"form-control-text textarea\" role=\"textbox\">Saio guztiak deskargatu<\/span><\/h2>\n<p>[\/vc_column_text][vc_empty_space][vc_column_text]<\/p>\n<p class=\"color_blanco\">1. saioa. Inaugurazioa eta erauzketaren ikuspegi panoramikoa. <a href=\"https:\/\/youtu.be\/hQpCIaoFyHY\" target=\"_blank\" rel=\"noopener\">Ikusi bideoa<\/a><\/p>\n<p>[\/vc_column_text][vc_empty_space height=&#8221;60px&#8221;][vc_column_text]<\/p>\n<p class=\"color_blanco\">2. saioa. Ingurumen-hezkuntza eta -pentsamendua, Latinoamerikatik. <a href=\"https:\/\/youtu.be\/hRn_CX8L2MA\" target=\"_blank\" rel=\"noopener\">Ikusi bideoa<\/a><\/p>\n<p>[\/vc_column_text][vc_empty_space height=&#8221;60px&#8221;][vc_column_text]<\/p>\n<p class=\"color_blanco\">3. saioa. Proposamen alternatiboa eta gaitasunen ikuspegia. <a href=\"https:\/\/youtu.be\/hRn_CX8L2MA\" target=\"_blank\" rel=\"noopener\">Ikusi bideoa<\/a><\/p>\n<p>[\/vc_column_text][vc_empty_space height=&#8221;60px&#8221;][vc_column_text]<\/p>\n<p class=\"color_blanco\">4. saioa. Epistemologia feministak eta oinarri komunitarioko ingurumen-hezkuntza. <a href=\"https:\/\/youtu.be\/hRn_CX8L2MA\" target=\"_blank\" rel=\"noopener\">Ikusi bideoa<\/a><\/p>\n<p>[\/vc_column_text][vc_empty_space height=&#8221;60px&#8221;][vc_column_text]<\/p>\n<p class=\"color_blanco\">5. saioa. Atzeraldi eta erauzketa bidezko metaketa. <a href=\"https:\/\/youtu.be\/hRn_CX8L2MA\" target=\"_blank\" rel=\"noopener\">Ikusi bideoa<\/a><\/p>\n<p>[\/vc_column_text][vc_empty_space height=&#8221;60px&#8221;][vc_column_text]<\/p>\n<p class=\"color_blanco\">6. saioa. Botere politikoa lurraldeetatik eztabaidatzen. <a href=\"https:\/\/youtu.be\/hRn_CX8L2MA\" target=\"_blank\" rel=\"noopener\">Ikusi bideoa<\/a><\/p>\n<p>[\/vc_column_text][vc_empty_space height=&#8221;60px&#8221;][vc_column_text]<\/p>\n<p class=\"color_blanco\">7. eta 10. saioak. Urdaibaiko kasuaren azterketa. <a href=\"https:\/\/youtu.be\/hRn_CX8L2MA\" target=\"_blank\" rel=\"noopener\">Ikusi bideoa<\/a><\/p>\n<p>[\/vc_column_text][vc_empty_space height=&#8221;60px&#8221;][vc_column_text]<\/p>\n<p class=\"color_blanco\">9. saioa Cabo Delgadoko kasu-azterketa. <a href=\"https:\/\/youtu.be\/hRn_CX8L2MA\" target=\"_blank\" rel=\"noopener\">Ikusi bideoa<\/a><\/p>\n<p>[\/vc_column_text][vc_empty_space height=&#8221;60px&#8221;][vc_column_text]<\/p>\n<p class=\"color_blanco\">11. saioa. Cajamarca-Tolima kasuaren azterketa. <a href=\"https:\/\/youtu.be\/hRn_CX8L2MA\" target=\"_blank\" rel=\"noopener\">Ikusi bideoa<\/a><\/p>\n<p>[\/vc_column_text][vc_empty_space height=&#8221;60px&#8221;][vc_column_text]<\/p>\n<p class=\"color_blanco\">12. saioa. Indigenen deslurralderatzea. <a href=\"https:\/\/youtu.be\/hRn_CX8L2MA\" target=\"_blank\" rel=\"noopener\">Ikusi bideoa<\/a><\/p>\n<p>[\/vc_column_text][vc_empty_space height=&#8221;60px&#8221;][vc_column_text]<\/p>\n<p class=\"color_blanco\">13. saioa. Antiminerazko erresistentziak Ertamerikan. <a href=\"https:\/\/youtu.be\/hRn_CX8L2MA\" target=\"_blank\" rel=\"noopener\">Ikusi bideoa<\/a><\/p>\n<p>[\/vc_column_text][vc_empty_space height=&#8221;60px&#8221;][vc_column_text]<\/p>\n<p class=\"color_blanco\">14. saioa. Gatazkak identifikatzeko metodologiak. <a href=\"https:\/\/youtu.be\/hRn_CX8L2MA\" target=\"_blank\" rel=\"noopener\">Ikusi bideoa<\/a><\/p>\n<p>[\/vc_column_text][vc_empty_space height=&#8221;60px&#8221;][vc_column_text]<\/p>\n<p class=\"color_blanco\">15. saioa. Tolimako Ingurumen Gatazken Atlasa. <a href=\"https:\/\/youtu.be\/hRn_CX8L2MA\" target=\"_blank\" rel=\"noopener\">Ikusi bideoa<\/a><\/p>\n<p>[\/vc_column_text][vc_empty_space height=&#8221;60px&#8221;][vc_column_text]<\/p>\n<p class=\"color_blanco\">16. saioa Ingurumen-memoria. <a href=\"https:\/\/youtu.be\/hRn_CX8L2MA\" target=\"_blank\" rel=\"noopener\">Ikusi bideoa<\/a><\/p>\n<p>[\/vc_column_text][vc_empty_space height=&#8221;60px&#8221;][vc_column_text]<\/p>\n<p class=\"color_blanco\">17. saioa. Estatuaren Atzemate Korporatiboa. <a href=\"https:\/\/youtu.be\/hRn_CX8L2MA\" target=\"_blank\" rel=\"noopener\">Ikusi bideoa<\/a><\/p>\n<p>[\/vc_column_text][vc_empty_space height=&#8221;60px&#8221;][vc_column_text]<\/p>\n<p class=\"color_blanco\">18. saioa. Ingurumen Batzordea Kapitalismoaren alternatibak prozesua. <a href=\"https:\/\/youtu.be\/hRn_CX8L2MA\" target=\"_blank\" rel=\"noopener\">Ikusi bideoa<\/a><\/p>\n<p>[\/vc_column_text][vc_empty_space height=&#8221;60px&#8221;][vc_column_text]<\/p>\n<p class=\"color_blanco\">19. saioa Uraren krisia. <a href=\"https:\/\/youtu.be\/hRn_CX8L2MA\" target=\"_blank\" rel=\"noopener\">Ikusi bideoa<\/a><\/p>\n<p>[\/vc_column_text][vc_empty_space height=&#8221;60px&#8221;][vc_column_text]<\/p>\n<p class=\"color_blanco\">20. saioa Komunikazio alternatiboa. <a href=\"https:\/\/youtu.be\/hRn_CX8L2MA\" target=\"_blank\" rel=\"noopener\">Ikusi bideoa<\/a><\/p>\n<p>[\/vc_column_text][vc_empty_space height=&#8221;60px&#8221;][\/vc_column][\/vc_row][vc_row content_width=&#8221;grid&#8221; css=&#8221;.vc_custom_1571926972568{padding-top: 60px !important;padding-bottom: 60px !important;background-color: #221d1f !important;}&#8221;][vc_column width=&#8221;2\/12&#8243;][\/vc_column][vc_column width=&#8221;10\/12&#8243;][vc_empty_space height=&#8221;60px&#8221;][\/vc_column][\/vc_row]<\/p>\n<\/div>","protected":false},"excerpt":{"rendered":"<p>[vc_row content_width=&#8221;grid&#8221; content_aligment=&#8221;center&#8221; css=&#8221;.vc_custom_1571920230285{margin-top: -30px !important;background: #20201f url(https:\/\/territoriolab.org\/wp-content\/uploads\/2019\/10\/ico_teritorios_claro.png?id=17593) !important;background-position: 0 0 !important;background-repeat: no-repeat !important;}&#8221; el_class=&#8221;hero hero_pag&#8221;][vc_column][vc_column_text] LURRALDEAK [\/vc_column_text][vc_column_text] Ingurumen-pentsamenduan Diplomaduna [\/vc_column_text][vc_empty_space][\/vc_column][\/vc_row][vc_row content_width=&#8221;grid&#8221; css=&#8221;.vc_custom_1572940328939{padding-top: 30px !important;padding-bottom: 30px !important;background-color: #c7955d !important;background-position: center !important;background-repeat: no-repeat !important;background-size: cover !important;}&#8221; el_class=&#8221;contenido_centrado&#8221;][vc_column][\/vc_column][\/vc_row][vc_row content_width=&#8221;grid&#8221; css=&#8221;.vc_custom_1571926972568{padding-top: 60px !important;padding-bottom: 60px !important;background-color: #221d1f !important;}&#8221; el_id=&#8221;epistemologias&#8221;][vc_column width=&#8221;2\/12&#8243;][vc_single_image image=&#8221;22638&#8243; img_size=&#8221;large&#8221; alignment=&#8221;center&#8221; el_class=&#8221;icono_material&#8221;][\/vc_column][vc_column width=&#8221;10\/12&#8243;][vc_column_text] Nazioarteko diplomaduna &#8220;Gizarte-borrokak, gatazkak&#8230;<\/p>\n","protected":false},"author":2,"featured_media":0,"parent":0,"menu_order":0,"comment_status":"closed","ping_status":"closed","template":"full-width.php","meta":{"_acf_changed":false,"footnotes":""},"class_list":["post-22637","page","type-page","status-publish","hentry"],"acf":[],"yoast_head":"<!-- This site is optimized with the Yoast SEO plugin v27.4 - https:\/\/yoast.com\/product\/yoast-seo-wordpress\/ -->\n<title>Territorios en Conflicto. Gernika Gogoratuz y Gernikatik Mundura<\/title>\n<meta name=\"description\" content=\"Acompa\u00f1amiento de procesos y consolidaci\u00f3n de narrativas sobre sostenibilidad de la vida en Cabo Delgado - Mozambique, Cajamarca - Colombia y Urdaibai - Pa\u00eds Vasco.\" \/>\n<meta name=\"robots\" content=\"index, follow, max-snippet:-1, max-image-preview:large, max-video-preview:-1\" \/>\n<link rel=\"canonical\" href=\"https:\/\/territoriolab.org\/eu\/ingurumen-pentsamenduan-diplomaduna\/\" \/>\n<meta property=\"og:locale\" content=\"en_US\" \/>\n<meta property=\"og:type\" content=\"article\" \/>\n<meta property=\"og:title\" content=\"Territorios en Conflicto. Gernika Gogoratuz y Gernikatik Mundura\" \/>\n<meta property=\"og:description\" content=\"Acompa\u00f1amiento de procesos y consolidaci\u00f3n de narrativas sobre sostenibilidad de la vida en Cabo Delgado - Mozambique, Cajamarca - Colombia y Urdaibai - Pa\u00eds Vasco.\" \/>\n<meta property=\"og:url\" content=\"https:\/\/territoriolab.org\/eu\/ingurumen-pentsamenduan-diplomaduna\/\" \/>\n<meta property=\"og:site_name\" content=\"Territorios para la vida\" \/>\n<meta property=\"article:modified_time\" content=\"2021-11-17T10:06:39+00:00\" \/>\n<meta property=\"og:image\" content=\"https:\/\/territoriolab.org\/wp-content\/uploads\/2024\/02\/gereizpetatik-11-izpi.jpg\" \/>\n\t<meta property=\"og:image:width\" content=\"1920\" \/>\n\t<meta property=\"og:image:height\" content=\"670\" \/>\n\t<meta property=\"og:image:type\" content=\"image\/jpeg\" \/>\n<meta name=\"twitter:card\" content=\"summary_large_image\" \/>\n<meta name=\"twitter:label1\" content=\"Est. reading time\" \/>\n\t<meta name=\"twitter:data1\" content=\"2 minutua\" \/>\n<script type=\"application\/ld+json\" class=\"yoast-schema-graph\">{\"@context\":\"https:\\\/\\\/schema.org\",\"@graph\":[{\"@type\":\"WebPage\",\"@id\":\"https:\\\/\\\/territoriolab.org\\\/eu\\\/ingurumen-pentsamenduan-diplomaduna\\\/\",\"url\":\"https:\\\/\\\/territoriolab.org\\\/eu\\\/ingurumen-pentsamenduan-diplomaduna\\\/\",\"name\":\"Territorios en Conflicto. Gernika Gogoratuz y Gernikatik Mundura\",\"isPartOf\":{\"@id\":\"https:\\\/\\\/territoriolab.org\\\/eu\\\/pt-pt\\\/#website\"},\"datePublished\":\"2021-06-18T09:51:08+00:00\",\"dateModified\":\"2021-11-17T10:06:39+00:00\",\"description\":\"Acompa\u00f1amiento de procesos y consolidaci\u00f3n de narrativas sobre sostenibilidad de la vida en Cabo Delgado - Mozambique, Cajamarca - Colombia y Urdaibai - Pa\u00eds Vasco.\",\"breadcrumb\":{\"@id\":\"https:\\\/\\\/territoriolab.org\\\/eu\\\/ingurumen-pentsamenduan-diplomaduna\\\/#breadcrumb\"},\"inLanguage\":\"eu\",\"potentialAction\":[{\"@type\":\"ReadAction\",\"target\":[\"https:\\\/\\\/territoriolab.org\\\/eu\\\/ingurumen-pentsamenduan-diplomaduna\\\/\"]}]},{\"@type\":\"BreadcrumbList\",\"@id\":\"https:\\\/\\\/territoriolab.org\\\/eu\\\/ingurumen-pentsamenduan-diplomaduna\\\/#breadcrumb\",\"itemListElement\":[{\"@type\":\"ListItem\",\"position\":1,\"name\":\"Portada\",\"item\":\"https:\\\/\\\/territoriolab.org\\\/eu\\\/\"},{\"@type\":\"ListItem\",\"position\":2,\"name\":\"Ingurumen-pentsamenduan Diplomaduna\"}]},{\"@type\":\"WebSite\",\"@id\":\"https:\\\/\\\/territoriolab.org\\\/eu\\\/pt-pt\\\/#website\",\"url\":\"https:\\\/\\\/territoriolab.org\\\/eu\\\/pt-pt\\\/\",\"name\":\"Territorios para la vida\",\"description\":\"Investigaci\u00f3n y formaci\u00f3n de alternativas de vida\",\"publisher\":{\"@id\":\"https:\\\/\\\/territoriolab.org\\\/eu\\\/pt-pt\\\/#organization\"},\"potentialAction\":[{\"@type\":\"SearchAction\",\"target\":{\"@type\":\"EntryPoint\",\"urlTemplate\":\"https:\\\/\\\/territoriolab.org\\\/eu\\\/pt-pt\\\/?s={search_term_string}\"},\"query-input\":{\"@type\":\"PropertyValueSpecification\",\"valueRequired\":true,\"valueName\":\"search_term_string\"}}],\"inLanguage\":\"eu\"},{\"@type\":\"Organization\",\"@id\":\"https:\\\/\\\/territoriolab.org\\\/eu\\\/pt-pt\\\/#organization\",\"name\":\"Territorios en Conflicto\",\"url\":\"https:\\\/\\\/territoriolab.org\\\/eu\\\/pt-pt\\\/\",\"logo\":{\"@type\":\"ImageObject\",\"inLanguage\":\"eu\",\"@id\":\"https:\\\/\\\/territoriolab.org\\\/eu\\\/pt-pt\\\/#\\\/schema\\\/logo\\\/image\\\/\",\"url\":\"https:\\\/\\\/territoriolab.org\\\/wp-content\\\/uploads\\\/2019\\\/10\\\/logo.png\",\"contentUrl\":\"https:\\\/\\\/territoriolab.org\\\/wp-content\\\/uploads\\\/2019\\\/10\\\/logo.png\",\"width\":300,\"height\":82,\"caption\":\"Territorios en Conflicto\"},\"image\":{\"@id\":\"https:\\\/\\\/territoriolab.org\\\/eu\\\/pt-pt\\\/#\\\/schema\\\/logo\\\/image\\\/\"}}]}<\/script>\n<!-- \/ Yoast SEO plugin. -->","yoast_head_json":{"title":"Territorios en Conflicto. Gernika Gogoratuz y Gernikatik Mundura","description":"Acompa\u00f1amiento de procesos y consolidaci\u00f3n de narrativas sobre sostenibilidad de la vida en Cabo Delgado - Mozambique, Cajamarca - Colombia y Urdaibai - Pa\u00eds Vasco.","robots":{"index":"index","follow":"follow","max-snippet":"max-snippet:-1","max-image-preview":"max-image-preview:large","max-video-preview":"max-video-preview:-1"},"canonical":"https:\/\/territoriolab.org\/eu\/ingurumen-pentsamenduan-diplomaduna\/","og_locale":"en_US","og_type":"article","og_title":"Territorios en Conflicto. Gernika Gogoratuz y Gernikatik Mundura","og_description":"Acompa\u00f1amiento de procesos y consolidaci\u00f3n de narrativas sobre sostenibilidad de la vida en Cabo Delgado - Mozambique, Cajamarca - Colombia y Urdaibai - Pa\u00eds Vasco.","og_url":"https:\/\/territoriolab.org\/eu\/ingurumen-pentsamenduan-diplomaduna\/","og_site_name":"Territorios para la vida","article_modified_time":"2021-11-17T10:06:39+00:00","og_image":[{"width":1920,"height":670,"url":"https:\/\/territoriolab.org\/wp-content\/uploads\/2024\/02\/gereizpetatik-11-izpi.jpg","type":"image\/jpeg"}],"twitter_card":"summary_large_image","twitter_misc":{"Est. reading time":"2 minutua"},"schema":{"@context":"https:\/\/schema.org","@graph":[{"@type":"WebPage","@id":"https:\/\/territoriolab.org\/eu\/ingurumen-pentsamenduan-diplomaduna\/","url":"https:\/\/territoriolab.org\/eu\/ingurumen-pentsamenduan-diplomaduna\/","name":"Territorios en Conflicto. Gernika Gogoratuz y Gernikatik Mundura","isPartOf":{"@id":"https:\/\/territoriolab.org\/eu\/pt-pt\/#website"},"datePublished":"2021-06-18T09:51:08+00:00","dateModified":"2021-11-17T10:06:39+00:00","description":"Acompa\u00f1amiento de procesos y consolidaci\u00f3n de narrativas sobre sostenibilidad de la vida en Cabo Delgado - Mozambique, Cajamarca - Colombia y Urdaibai - Pa\u00eds Vasco.","breadcrumb":{"@id":"https:\/\/territoriolab.org\/eu\/ingurumen-pentsamenduan-diplomaduna\/#breadcrumb"},"inLanguage":"eu","potentialAction":[{"@type":"ReadAction","target":["https:\/\/territoriolab.org\/eu\/ingurumen-pentsamenduan-diplomaduna\/"]}]},{"@type":"BreadcrumbList","@id":"https:\/\/territoriolab.org\/eu\/ingurumen-pentsamenduan-diplomaduna\/#breadcrumb","itemListElement":[{"@type":"ListItem","position":1,"name":"Portada","item":"https:\/\/territoriolab.org\/eu\/"},{"@type":"ListItem","position":2,"name":"Ingurumen-pentsamenduan Diplomaduna"}]},{"@type":"WebSite","@id":"https:\/\/territoriolab.org\/eu\/pt-pt\/#website","url":"https:\/\/territoriolab.org\/eu\/pt-pt\/","name":"Territorios para la vida","description":"Investigaci\u00f3n y formaci\u00f3n de alternativas de vida","publisher":{"@id":"https:\/\/territoriolab.org\/eu\/pt-pt\/#organization"},"potentialAction":[{"@type":"SearchAction","target":{"@type":"EntryPoint","urlTemplate":"https:\/\/territoriolab.org\/eu\/pt-pt\/?s={search_term_string}"},"query-input":{"@type":"PropertyValueSpecification","valueRequired":true,"valueName":"search_term_string"}}],"inLanguage":"eu"},{"@type":"Organization","@id":"https:\/\/territoriolab.org\/eu\/pt-pt\/#organization","name":"Territorios en Conflicto","url":"https:\/\/territoriolab.org\/eu\/pt-pt\/","logo":{"@type":"ImageObject","inLanguage":"eu","@id":"https:\/\/territoriolab.org\/eu\/pt-pt\/#\/schema\/logo\/image\/","url":"https:\/\/territoriolab.org\/wp-content\/uploads\/2019\/10\/logo.png","contentUrl":"https:\/\/territoriolab.org\/wp-content\/uploads\/2019\/10\/logo.png","width":300,"height":82,"caption":"Territorios en Conflicto"},"image":{"@id":"https:\/\/territoriolab.org\/eu\/pt-pt\/#\/schema\/logo\/image\/"}}]}},"_links":{"self":[{"href":"https:\/\/territoriolab.org\/eu\/wp-json\/wp\/v2\/pages\/22637","targetHints":{"allow":["GET"]}}],"collection":[{"href":"https:\/\/territoriolab.org\/eu\/wp-json\/wp\/v2\/pages"}],"about":[{"href":"https:\/\/territoriolab.org\/eu\/wp-json\/wp\/v2\/types\/page"}],"author":[{"embeddable":true,"href":"https:\/\/territoriolab.org\/eu\/wp-json\/wp\/v2\/users\/2"}],"replies":[{"embeddable":true,"href":"https:\/\/territoriolab.org\/eu\/wp-json\/wp\/v2\/comments?post=22637"}],"version-history":[{"count":0,"href":"https:\/\/territoriolab.org\/eu\/wp-json\/wp\/v2\/pages\/22637\/revisions"}],"wp:attachment":[{"href":"https:\/\/territoriolab.org\/eu\/wp-json\/wp\/v2\/media?parent=22637"}],"curies":[{"name":"wp","href":"https:\/\/api.w.org\/{rel}","templated":true}]}}