{"id":22755,"date":"2021-06-23T13:34:47","date_gmt":"2021-06-23T11:34:47","guid":{"rendered":"https:\/\/territoriolab.org\/?page_id=22755"},"modified":"2021-06-25T09:46:35","modified_gmt":"2021-06-25T07:46:35","slug":"nazioarteko-ikastaroa","status":"publish","type":"page","link":"https:\/\/territoriolab.org\/eu\/nazioarteko-ikastaroa\/","title":{"rendered":"Nazioarteko online ikastaroa"},"content":{"rendered":"<div class=\"wpb-content-wrapper\"><p>[vc_row content_width=&#8221;grid&#8221; content_aligment=&#8221;center&#8221; css=&#8221;.vc_custom_1571920230285{margin-top: -30px !important;background: #20201f url(https:\/\/territoriolab.org\/wp-content\/uploads\/2019\/10\/ico_teritorios_claro.png?id=17593) !important;background-position: 0 0 !important;background-repeat: no-repeat !important;}&#8221; el_class=&#8221;hero hero_pag&#8221;][vc_column][vc_column_text]<\/p>\n<p class=\"color_blanco\">LURRALDEAK<\/p>\n<p>[\/vc_column_text][vc_column_text]<\/p>\n<h1 class=\"color_blanco\">Nazioarteko online ikastaroa<\/h1>\n<p>[\/vc_column_text][vc_empty_space]<a itemprop=\"url\" href=\"#\" target=\"_blank\" style=\"color: #ffffff;border-color: #ffffff;font-size: 16px;font-weight: 300;margin: 10px\" class=\"edgtf-btn edgtf-btn-large edgtf-btn-outline edgtf-btn-custom-hover-bg edgtf-btn-custom-border-hover edgtf-btn-custom-hover-color boton_ter\" data-hover-bg-color=\"#ffffff\" data-hover-color=\"#c7955d\" data-hover-border-color=\"#ffffff\" >\n\t<span class=\"edgtf-btn-text\">INSKRIPZIOA<\/span>\n    <\/a><a itemprop=\"url\" href=\"#\" target=\"_blank\" style=\"color: #ffffff;border-color: #ffffff;font-size: 16px;font-weight: 300;margin: 10px\" class=\"edgtf-btn edgtf-btn-large edgtf-btn-outline edgtf-btn-custom-hover-bg edgtf-btn-custom-border-hover edgtf-btn-custom-hover-color boton_ter\" data-hover-bg-color=\"#ffffff\" data-hover-color=\"#c7955d\" data-hover-border-color=\"#ffffff\" >\n\t<span class=\"edgtf-btn-text\">SARBIDEA<\/span>\n    <\/a>[\/vc_column][\/vc_row][vc_row content_width=&#8221;grid&#8221; css=&#8221;.vc_custom_1571919179561{padding-top: 60px !important;padding-bottom: 60px !important;background-position: 0 0 !important;background-repeat: no-repeat !important;}&#8221;][vc_column][vc_single_image image=&#8221;22526&#8243; img_size=&#8221;full&#8221; alignment=&#8221;center&#8221; onclick=&#8221;custom_link&#8221; img_link_target=&#8221;_blank&#8221; link=&#8221;https:\/\/egelapi.ehu.eus\/login\/index.php?lang=es&#8221;][vc_empty_space height=&#8221;60px&#8221;][vc_column_text]<\/p>\n<h2 class=\"color_principal texto_muynegrita h3-size\"><span id=\"translation_box\" class=\"form-control-text textarea\" role=\"textbox\">Ikastaroaren 2. edizioa<\/span><\/h2>\n<p>[\/vc_column_text][vc_empty_space][vc_column_text]<strong class=\"futura_bold\">GATAZKAN DAUDEN HERRIALDEAK.<\/strong><br \/>\n<strong class=\"futura_bold\">Aukerak, ikuspegi partekatuak eta prozesu kolektiboak eraikiz.<\/strong><\/p>\n<p>Gizarteek elkarrekin bizitzeko eta beren lurraldeari eta etorkizunari buruzko erabakiak hartzeko gaitasuna dute. Alabaina, ekintza transnazionalak eta haren zerbitzura dagoen botere-harremanen sistemak zaildu egiten dute bizitza eta etorkizun hobe bat izateko beharrezkoa den jabetze eta ahalduntze kolektiborako prozesua.<\/p>\n<p>Nazioarteko ikastaro honek tresnak eskaintzen ditu, lurraldeetan proiektu alternatibo propioak bilatzeko dauden aurrerapausoak eta zailtasunak esploratzeko. Helburua ez da proposamen zehatzak eskaintzea, baizik eta eusten ari diren eta planetarekin iraunkorrak diren bizitza-alternatibak eraikitzeko borrokan ari direnei laguntzea.<\/p>\n<p>Ikerketa teorikoaren bidezko ahaleginetik eta hiru lurraldetako (Urdaibai-Euskal Herria; Cajamarca\/Tolima eta Caquet\u00e1-Kolonbia; eta Maputo eta Cabo Delgado-Mozambike) ekintzan oinarritutako esperientziatik abiatuta, zenbait unibertsitatetako eta gizarte-erakundetako irakasleek eta ekintzaileek aldaketa-prozesuen konplexutasuna aztertzea proposatzen dizuegu. Nagusi den sistemarekiko kritikoak diren elementu kontzeptualak aztertuko ditugu, eta ikuspegi alternatiboak eta proposamen sozialak nahiz politikoak azalduko ditugu, lurralde bakoitzera mugatuak. Ikastaro honek, gainera, honako proposamen hauek ere egiten ditu: tokiko borroken markoa testuinguru globalean aztertzea, topaketarako guneak sortzea eta nazioarteko sareak sendotzea. Laburbilduz, prestakuntzarako espazio birtual honen bidez, lurraldeak, pertsonak, kontakizunak eta alternatibak konektatu nahi ditugu.[\/vc_column_text][vc_empty_space height=&#8221;60px&#8221;][vc_column_text]<\/p>\n<h2 class=\"color_principal texto_muynegrita h3-size\">Edukiak<\/h2>\n<p>[\/vc_column_text][vc_empty_space][vc_column_text]<strong>0. Modulua<\/strong>: <strong><a href=\"https:\/\/territoriolab.org\/wp-content\/uploads\/2021\/06\/Guida_Ikastaroaren-aurkezpenaTC_Ed2EU.pdf\" target=\"_blank\" rel=\"noopener\">Ikastaroaren aurkezpena<\/a>.<\/strong> Alfonso Dubois (EHU)<\/p>\n<p><strong>1. Modulua<\/strong>: <strong><a href=\"https:\/\/territoriolab.org\/wp-content\/uploads\/2021\/06\/Gida-Didaktikoa_Mod1_Ed2EU.pdf\" target=\"_blank\" rel=\"noopener\">Alternatiba-proposamena gaitasunen ikuspegitik abiatuta: kontzeptuak eta analisi-markoa<\/a>.<\/strong> Alfonso Dubois (EHU)<\/p>\n<p><strong>2. Modulua<\/strong>: <a href=\"https:\/\/territoriolab.org\/wp-content\/uploads\/2021\/06\/Gida-Didaktikoa_Mod2_Ed2EU.pdf\" target=\"_blank\" rel=\"noopener\"><strong>Hegoaldeko epistemologiak eta bizitza-alternatiba feministak.<\/strong><\/a> Teresa Cunha (Coimbrako Unibertsitatea)<\/p>\n<p><strong>3. Modulua<\/strong>: <strong><a href=\"https:\/\/territoriolab.org\/wp-content\/uploads\/2021\/06\/Gida-Didaktikoa_Mod3_Ed2EU.pdf\" target=\"_blank\" rel=\"noopener\">Lurraldeen despatriarkalizaziorako eta deskolonizaziorako eta bizitza-sarearen aldeko proposamen feministak. Ekofeminismoa<\/a>.<\/strong> Yolanda Jubeto eta Mertxe Larra\u00f1aga (EHU)<\/p>\n<p><strong>4. Modulua<\/strong>: <a href=\"https:\/\/territoriolab.org\/wp-content\/uploads\/2021\/06\/Gida-Didaktikoa_Mod4_Ed2EU.pdf\" target=\"_blank\" rel=\"noopener\"><strong>Gatazka eta bizi-alternatibak. Bakea eraikitzeko apunteak<\/strong>.<\/a> Maria Oianguren (Gernika Gogoratuz)<\/p>\n<p><strong>5. Modulua<\/strong>: <strong><a href=\"https:\/\/territoriolab.org\/wp-content\/uploads\/2021\/06\/Gida-Didaktikoa_Mod5_Ed2EU.pdf\" target=\"_blank\" rel=\"noopener\">Botere politikoa eraikitzen: Gatazkan dauden lurraldeen ikaskuntzak<\/a>.<\/strong> Jokin Alberdi (Gernika Gogoratuz, EHU)<\/p>\n<p><strong>6. Modulua<\/strong>: <strong><a href=\"https:\/\/territoriolab.org\/wp-content\/uploads\/2021\/06\/Gida-Didaktikoa_Mod6_Ed2EU.pdf\" target=\"_blank\" rel=\"noopener\">Botere korporatiboa lurraldeei lapurretan. Megaproiektuei herri erresistentzia egiteko gakoak<\/a>.<\/strong> Gonzalo Fernandez (OMAL)<\/p>\n<p><strong>7. Modulua<\/strong>: <strong><a href=\"https:\/\/territoriolab.org\/wp-content\/uploads\/2021\/06\/Gida-Didaktikoa_Mod7_Ed2EU.pdf\" target=\"_blank\" rel=\"noopener\">Kolonbiako testuinguruaren analisitik ateratako gakoak<\/a>.<\/strong> Miguel Espinosa (Tolimako Unibertsitatea), Octavio Villa Pel\u00e1ez (Universidad de la Amazonia) eta Emerita Cuellar (Gernika Gogoratuz)<\/p>\n<p><strong>8. Modulua<\/strong>: <strong><a href=\"https:\/\/territoriolab.org\/wp-content\/uploads\/2021\/06\/Gida-Didaktikoa_Mod8_Ed2EU.pdf\" target=\"_blank\" rel=\"noopener\">Mozambikeko testuinguruaren analisitik ateratako gakoak<\/a>.<\/strong> Isabel Casimiro (Eduardo Mondlane Unibertsitatea) eta Vasco Coelho (Gernika Gogoratuz)<\/p>\n<p><strong>9. Modulua<\/strong>: <a href=\"https:\/\/territoriolab.org\/wp-content\/uploads\/2021\/06\/Gida-Didaktikoa_Mod9_Ed2EU.pdf\" target=\"_blank\" rel=\"noopener\"><strong>Euskal testuinguruaren analisitik ateratako gakoak<\/strong><\/a>. Xabier Arana Eiguren (Gernika Gogoratuz)[\/vc_column_text][vc_empty_space][vc_empty_space][vc_column_text]<\/p>\n<h2 class=\"color_principal texto_muynegrita h3-size\">Ikastaroaren hartzaileak<\/h2>\n<p>[\/vc_column_text][vc_empty_space][vc_column_text]Ekintza transnazionalak eta plan desarrollistak beren lurraldeetan izaten ari diren eraginari aurre egiten ari diren graduko eta graduondoko ikasleentzat, gizarte-erakundeetako aktibistentzat eta GGKEentzat.[\/vc_column_text][vc_empty_space height=&#8221;60px&#8221;][vc_column_text]<\/p>\n<h2 class=\"color_principal texto_muynegrita h3-size\">Proposatutako ikastarorako aldez aurretiko ezagutzak<\/h2>\n<p>[\/vc_column_text][vc_empty_space][vc_column_text]Ez da unibertsitate titulurik eskatzen, baina curriculuma kontuan hartuko da, ikastaroak eskatzen duen maila betetzen den ala ez baloratzeko. Komunitate garapen edota politika sozialen arloan egindako lana baloratuko da, baita egindako edo bidean dauden unibertsitate ikasketak ere. Beren lurraldeetan prozesu kolektibo edota alternatiben eraikuntzarekin konpromisoa duten pertsona guztiei zuzenduta dago.[\/vc_column_text][vc_empty_space height=&#8221;60px&#8221;][vc_column_text]<\/p>\n<h2 class=\"color_principal texto_muynegrita h3-size\">Hizkuntzak<\/h2>\n<p>[\/vc_column_text][vc_empty_space][vc_column_text]Gaztelania \/ Portugesa \/ Euskara[\/vc_column_text][vc_empty_space height=&#8221;60px&#8221;][vc_column_text]<\/p>\n<h2 class=\"color_principal texto_muynegrita h3-size\">Proposatutako iraupena (asteak) eta lan-karga \/ asteko ikasketa denbora (orduak):<\/h2>\n<p>[\/vc_column_text][vc_empty_space][vc_column_text]<\/p>\n<div class=\"page\" title=\"Page 2\">\n<div class=\"layoutArea\">\n<div class=\"column\"><\/div>\n<\/div>\n<\/div>\n<p><strong class=\"futura_bold\">Guztira: 10 aste \/ 60 ordu<br \/>\n<\/strong>[\/vc_column_text][vc_empty_space height=&#8221;60px&#8221;][vc_column_text]<\/p>\n<h2 class=\"color_principal texto_muynegrita h3-size\">Izen-ematea<\/h2>\n<p>[\/vc_column_text][vc_empty_space][vc_column_text]<\/p>\n<div class=\"page\" title=\"Page 2\">\n<div class=\"layoutArea\">\n<div class=\"column\">\n<p>Doako ikastaroa\/Plaza mugatuak<\/p>\n<\/div>\n<\/div>\n<\/div>\n<p>[\/vc_column_text][vc_empty_space height=&#8221;60px&#8221;][vc_column_text]<\/p>\n<h2 class=\"color_principal texto_muynegrita h3-size\">Izen-ematea<\/h2>\n<p>[\/vc_column_text][vc_empty_space][vc_column_text]Vasco Coelho (Ikastaroaren koordinatzaile exekutiboa)<br \/>\n<a href=\"mailto:vasco.coelho@gernikagogoratuz.org\">vasco.coelho@gernikagogoratuz.org<\/a>[\/vc_column_text][vc_empty_space height=&#8221;60px&#8221;][vc_column_text]<\/p>\n<h2 class=\"color_principal texto_muynegrita h3-size\">Materiala<\/h2>\n<p>[\/vc_column_text][vc_empty_space][vc_column_text]Modulu bakoitzerako gidak, irakaskuntza-materiala, ikus-entzunezkoak eta irakurgaiak emango dira, foro irekiak jarriko dira interakziorako, eta aplikazioa <strong>EHUren eCampuseko eGelapi<\/strong> plataformaren bidez ebaluazioa egiteko.[\/vc_column_text][vc_empty_space height=&#8221;60px&#8221;][\/vc_column][\/vc_row][vc_row content_width=&#8221;grid&#8221; css=&#8221;.vc_custom_1571922219500{margin-bottom: -50px !important;padding-top: 60px !important;padding-bottom: 60px !important;background-color: #c7955d !important;background-position: center !important;background-repeat: no-repeat !important;background-size: cover !important;}&#8221; el_id=&#8221;eventos&#8221; el_class=&#8221;contenido_centrado&#8221;][vc_column]<a itemprop=\"url\" href=\"#\" target=\"_blank\" style=\"color: #ffffff;border-color: #ffffff;font-size: 16px;font-weight: 300;margin: 10px\" class=\"edgtf-btn edgtf-btn-large edgtf-btn-outline edgtf-btn-custom-hover-bg edgtf-btn-custom-border-hover edgtf-btn-custom-hover-color boton_ter\" data-hover-bg-color=\"#ffffff\" data-hover-color=\"#c7955d\" data-hover-border-color=\"#ffffff\" >\n\t<span class=\"edgtf-btn-text\">INSKRIPZIOA<\/span>\n    <\/a><a itemprop=\"url\" href=\"#\" target=\"_blank\" style=\"color: #ffffff;border-color: #ffffff;font-size: 16px;font-weight: 300;margin: 10px\" class=\"edgtf-btn edgtf-btn-large edgtf-btn-outline edgtf-btn-custom-hover-bg edgtf-btn-custom-border-hover edgtf-btn-custom-hover-color boton_ter\" data-hover-bg-color=\"#ffffff\" data-hover-color=\"#c7955d\" data-hover-border-color=\"#ffffff\" >\n\t<span class=\"edgtf-btn-text\">SARBIDEA<\/span>\n    <\/a>[vc_empty_space][vc_empty_space][\/vc_column][\/vc_row]<\/p>\n<\/div>","protected":false},"excerpt":{"rendered":"<p>[vc_row content_width=&#8221;grid&#8221; content_aligment=&#8221;center&#8221; css=&#8221;.vc_custom_1571920230285{margin-top: -30px !important;background: #20201f url(https:\/\/territoriolab.org\/wp-content\/uploads\/2019\/10\/ico_teritorios_claro.png?id=17593) !important;background-position: 0 0 !important;background-repeat: no-repeat !important;}&#8221; el_class=&#8221;hero hero_pag&#8221;][vc_column][vc_column_text] LURRALDEAK [\/vc_column_text][vc_column_text] Nazioarteko online ikastaroa [\/vc_column_text][vc_empty_space][\/vc_column][\/vc_row][vc_row content_width=&#8221;grid&#8221; css=&#8221;.vc_custom_1571919179561{padding-top: 60px !important;padding-bottom: 60px !important;background-position: 0 0 !important;background-repeat: no-repeat !important;}&#8221;][vc_column][vc_single_image image=&#8221;22526&#8243; img_size=&#8221;full&#8221; alignment=&#8221;center&#8221; onclick=&#8221;custom_link&#8221; img_link_target=&#8221;_blank&#8221; link=&#8221;https:\/\/egelapi.ehu.eus\/login\/index.php?lang=es&#8221;][vc_empty_space height=&#8221;60px&#8221;][vc_column_text] Ikastaroaren 2. edizioa [\/vc_column_text][vc_empty_space][vc_column_text]GATAZKAN DAUDEN HERRIALDEAK. Aukerak, ikuspegi partekatuak eta prozesu kolektiboak eraikiz. Gizarteek elkarrekin&#8230;<\/p>\n","protected":false},"author":2,"featured_media":0,"parent":0,"menu_order":0,"comment_status":"closed","ping_status":"closed","template":"full-width.php","meta":{"_acf_changed":false,"footnotes":""},"class_list":["post-22755","page","type-page","status-publish","hentry"],"acf":[],"yoast_head":"<!-- This site is optimized with the Yoast SEO plugin v27.3 - https:\/\/yoast.com\/product\/yoast-seo-wordpress\/ -->\n<title>Territorios en Conflicto. Gernika Gogoratuz y Gernikatik Mundura<\/title>\n<meta name=\"description\" content=\"Acompa\u00f1amiento de procesos y consolidaci\u00f3n de narrativas sobre sostenibilidad de la vida en Cabo Delgado - Mozambique, Cajamarca - Colombia y Urdaibai - Pa\u00eds Vasco.\" \/>\n<meta name=\"robots\" content=\"index, follow, max-snippet:-1, max-image-preview:large, max-video-preview:-1\" \/>\n<link rel=\"canonical\" href=\"https:\/\/territoriolab.org\/eu\/nazioarteko-ikastaroa\/\" \/>\n<meta property=\"og:locale\" content=\"en_US\" \/>\n<meta property=\"og:type\" content=\"article\" \/>\n<meta property=\"og:title\" content=\"Territorios en Conflicto. Gernika Gogoratuz y Gernikatik Mundura\" \/>\n<meta property=\"og:description\" content=\"Acompa\u00f1amiento de procesos y consolidaci\u00f3n de narrativas sobre sostenibilidad de la vida en Cabo Delgado - Mozambique, Cajamarca - Colombia y Urdaibai - Pa\u00eds Vasco.\" \/>\n<meta property=\"og:url\" content=\"https:\/\/territoriolab.org\/eu\/nazioarteko-ikastaroa\/\" \/>\n<meta property=\"og:site_name\" content=\"Territorios para la vida\" \/>\n<meta property=\"article:modified_time\" content=\"2021-06-25T07:46:35+00:00\" \/>\n<meta property=\"og:image\" content=\"https:\/\/territoriolab.org\/wp-content\/uploads\/2024\/02\/gereizpetatik-11-izpi.jpg\" \/>\n\t<meta property=\"og:image:width\" content=\"1920\" \/>\n\t<meta property=\"og:image:height\" content=\"670\" \/>\n\t<meta property=\"og:image:type\" content=\"image\/jpeg\" \/>\n<meta name=\"twitter:card\" content=\"summary_large_image\" \/>\n<meta name=\"twitter:label1\" content=\"Est. reading time\" \/>\n\t<meta name=\"twitter:data1\" content=\"3 minutua\" \/>\n<script type=\"application\/ld+json\" class=\"yoast-schema-graph\">{\"@context\":\"https:\\\/\\\/schema.org\",\"@graph\":[{\"@type\":\"WebPage\",\"@id\":\"https:\\\/\\\/territoriolab.org\\\/eu\\\/nazioarteko-ikastaroa\\\/\",\"url\":\"https:\\\/\\\/territoriolab.org\\\/eu\\\/nazioarteko-ikastaroa\\\/\",\"name\":\"Territorios en Conflicto. Gernika Gogoratuz y Gernikatik Mundura\",\"isPartOf\":{\"@id\":\"https:\\\/\\\/territoriolab.org\\\/eu\\\/pt-pt\\\/#website\"},\"datePublished\":\"2021-06-23T11:34:47+00:00\",\"dateModified\":\"2021-06-25T07:46:35+00:00\",\"description\":\"Acompa\u00f1amiento de procesos y consolidaci\u00f3n de narrativas sobre sostenibilidad de la vida en Cabo Delgado - Mozambique, Cajamarca - Colombia y Urdaibai - Pa\u00eds Vasco.\",\"breadcrumb\":{\"@id\":\"https:\\\/\\\/territoriolab.org\\\/eu\\\/nazioarteko-ikastaroa\\\/#breadcrumb\"},\"inLanguage\":\"eu\",\"potentialAction\":[{\"@type\":\"ReadAction\",\"target\":[\"https:\\\/\\\/territoriolab.org\\\/eu\\\/nazioarteko-ikastaroa\\\/\"]}]},{\"@type\":\"BreadcrumbList\",\"@id\":\"https:\\\/\\\/territoriolab.org\\\/eu\\\/nazioarteko-ikastaroa\\\/#breadcrumb\",\"itemListElement\":[{\"@type\":\"ListItem\",\"position\":1,\"name\":\"Portada\",\"item\":\"https:\\\/\\\/territoriolab.org\\\/eu\\\/\"},{\"@type\":\"ListItem\",\"position\":2,\"name\":\"Nazioarteko online ikastaroa\"}]},{\"@type\":\"WebSite\",\"@id\":\"https:\\\/\\\/territoriolab.org\\\/eu\\\/pt-pt\\\/#website\",\"url\":\"https:\\\/\\\/territoriolab.org\\\/eu\\\/pt-pt\\\/\",\"name\":\"Territorios para la vida\",\"description\":\"Investigaci\u00f3n y formaci\u00f3n de alternativas de vida\",\"publisher\":{\"@id\":\"https:\\\/\\\/territoriolab.org\\\/eu\\\/pt-pt\\\/#organization\"},\"potentialAction\":[{\"@type\":\"SearchAction\",\"target\":{\"@type\":\"EntryPoint\",\"urlTemplate\":\"https:\\\/\\\/territoriolab.org\\\/eu\\\/pt-pt\\\/?s={search_term_string}\"},\"query-input\":{\"@type\":\"PropertyValueSpecification\",\"valueRequired\":true,\"valueName\":\"search_term_string\"}}],\"inLanguage\":\"eu\"},{\"@type\":\"Organization\",\"@id\":\"https:\\\/\\\/territoriolab.org\\\/eu\\\/pt-pt\\\/#organization\",\"name\":\"Territorios en Conflicto\",\"url\":\"https:\\\/\\\/territoriolab.org\\\/eu\\\/pt-pt\\\/\",\"logo\":{\"@type\":\"ImageObject\",\"inLanguage\":\"eu\",\"@id\":\"https:\\\/\\\/territoriolab.org\\\/eu\\\/pt-pt\\\/#\\\/schema\\\/logo\\\/image\\\/\",\"url\":\"https:\\\/\\\/territoriolab.org\\\/wp-content\\\/uploads\\\/2019\\\/10\\\/logo.png\",\"contentUrl\":\"https:\\\/\\\/territoriolab.org\\\/wp-content\\\/uploads\\\/2019\\\/10\\\/logo.png\",\"width\":300,\"height\":82,\"caption\":\"Territorios en Conflicto\"},\"image\":{\"@id\":\"https:\\\/\\\/territoriolab.org\\\/eu\\\/pt-pt\\\/#\\\/schema\\\/logo\\\/image\\\/\"}}]}<\/script>\n<!-- \/ Yoast SEO plugin. -->","yoast_head_json":{"title":"Territorios en Conflicto. Gernika Gogoratuz y Gernikatik Mundura","description":"Acompa\u00f1amiento de procesos y consolidaci\u00f3n de narrativas sobre sostenibilidad de la vida en Cabo Delgado - Mozambique, Cajamarca - Colombia y Urdaibai - Pa\u00eds Vasco.","robots":{"index":"index","follow":"follow","max-snippet":"max-snippet:-1","max-image-preview":"max-image-preview:large","max-video-preview":"max-video-preview:-1"},"canonical":"https:\/\/territoriolab.org\/eu\/nazioarteko-ikastaroa\/","og_locale":"en_US","og_type":"article","og_title":"Territorios en Conflicto. Gernika Gogoratuz y Gernikatik Mundura","og_description":"Acompa\u00f1amiento de procesos y consolidaci\u00f3n de narrativas sobre sostenibilidad de la vida en Cabo Delgado - Mozambique, Cajamarca - Colombia y Urdaibai - Pa\u00eds Vasco.","og_url":"https:\/\/territoriolab.org\/eu\/nazioarteko-ikastaroa\/","og_site_name":"Territorios para la vida","article_modified_time":"2021-06-25T07:46:35+00:00","og_image":[{"width":1920,"height":670,"url":"https:\/\/territoriolab.org\/wp-content\/uploads\/2024\/02\/gereizpetatik-11-izpi.jpg","type":"image\/jpeg"}],"twitter_card":"summary_large_image","twitter_misc":{"Est. reading time":"3 minutua"},"schema":{"@context":"https:\/\/schema.org","@graph":[{"@type":"WebPage","@id":"https:\/\/territoriolab.org\/eu\/nazioarteko-ikastaroa\/","url":"https:\/\/territoriolab.org\/eu\/nazioarteko-ikastaroa\/","name":"Territorios en Conflicto. Gernika Gogoratuz y Gernikatik Mundura","isPartOf":{"@id":"https:\/\/territoriolab.org\/eu\/pt-pt\/#website"},"datePublished":"2021-06-23T11:34:47+00:00","dateModified":"2021-06-25T07:46:35+00:00","description":"Acompa\u00f1amiento de procesos y consolidaci\u00f3n de narrativas sobre sostenibilidad de la vida en Cabo Delgado - Mozambique, Cajamarca - Colombia y Urdaibai - Pa\u00eds Vasco.","breadcrumb":{"@id":"https:\/\/territoriolab.org\/eu\/nazioarteko-ikastaroa\/#breadcrumb"},"inLanguage":"eu","potentialAction":[{"@type":"ReadAction","target":["https:\/\/territoriolab.org\/eu\/nazioarteko-ikastaroa\/"]}]},{"@type":"BreadcrumbList","@id":"https:\/\/territoriolab.org\/eu\/nazioarteko-ikastaroa\/#breadcrumb","itemListElement":[{"@type":"ListItem","position":1,"name":"Portada","item":"https:\/\/territoriolab.org\/eu\/"},{"@type":"ListItem","position":2,"name":"Nazioarteko online ikastaroa"}]},{"@type":"WebSite","@id":"https:\/\/territoriolab.org\/eu\/pt-pt\/#website","url":"https:\/\/territoriolab.org\/eu\/pt-pt\/","name":"Territorios para la vida","description":"Investigaci\u00f3n y formaci\u00f3n de alternativas de vida","publisher":{"@id":"https:\/\/territoriolab.org\/eu\/pt-pt\/#organization"},"potentialAction":[{"@type":"SearchAction","target":{"@type":"EntryPoint","urlTemplate":"https:\/\/territoriolab.org\/eu\/pt-pt\/?s={search_term_string}"},"query-input":{"@type":"PropertyValueSpecification","valueRequired":true,"valueName":"search_term_string"}}],"inLanguage":"eu"},{"@type":"Organization","@id":"https:\/\/territoriolab.org\/eu\/pt-pt\/#organization","name":"Territorios en Conflicto","url":"https:\/\/territoriolab.org\/eu\/pt-pt\/","logo":{"@type":"ImageObject","inLanguage":"eu","@id":"https:\/\/territoriolab.org\/eu\/pt-pt\/#\/schema\/logo\/image\/","url":"https:\/\/territoriolab.org\/wp-content\/uploads\/2019\/10\/logo.png","contentUrl":"https:\/\/territoriolab.org\/wp-content\/uploads\/2019\/10\/logo.png","width":300,"height":82,"caption":"Territorios en Conflicto"},"image":{"@id":"https:\/\/territoriolab.org\/eu\/pt-pt\/#\/schema\/logo\/image\/"}}]}},"_links":{"self":[{"href":"https:\/\/territoriolab.org\/eu\/wp-json\/wp\/v2\/pages\/22755","targetHints":{"allow":["GET"]}}],"collection":[{"href":"https:\/\/territoriolab.org\/eu\/wp-json\/wp\/v2\/pages"}],"about":[{"href":"https:\/\/territoriolab.org\/eu\/wp-json\/wp\/v2\/types\/page"}],"author":[{"embeddable":true,"href":"https:\/\/territoriolab.org\/eu\/wp-json\/wp\/v2\/users\/2"}],"replies":[{"embeddable":true,"href":"https:\/\/territoriolab.org\/eu\/wp-json\/wp\/v2\/comments?post=22755"}],"version-history":[{"count":0,"href":"https:\/\/territoriolab.org\/eu\/wp-json\/wp\/v2\/pages\/22755\/revisions"}],"wp:attachment":[{"href":"https:\/\/territoriolab.org\/eu\/wp-json\/wp\/v2\/media?parent=22755"}],"curies":[{"name":"wp","href":"https:\/\/api.w.org\/{rel}","templated":true}]}}